{"id":828,"date":"2015-10-28T05:29:41","date_gmt":"2015-10-28T05:29:41","guid":{"rendered":"http:\/\/bitpublimedia.ro\/themeforest\/quantum-wp\/?page_id=11"},"modified":"2024-11-19T10:59:20","modified_gmt":"2024-11-19T10:59:20","slug":"home","status":"publish","type":"page","link":"https:\/\/proplace.si\/index.php\/sl\/home\/","title":{"rendered":"Domov"},"content":{"rendered":"<p>[vc_row full_width=&#8221;stretch_row_content_no_spaces&#8221; css=&#8221;.vc_custom_1446143843988{margin-bottom: 120px !important;}&#8221;][vc_column][rev_slider_vc alias=&#8221;proplace&#8221;][\/vc_column][\/vc_row][vc_row][vc_column width=&#8221;1\/3&#8243;][vc_wp_text]<\/p>\n<p><img loading=\"lazy\" decoding=\"async\" class=\"size-full wp-image-1068 alignnone\" src=\"http:\/\/proplace.si\/wp-content\/uploads\/2015\/10\/razvoj_optimizacija_b.png\" alt=\"razvoj_optimizacija_b\" width=\"70\" height=\"70\" \/><\/p>\n<p><strong>Razvoj elektronike in optimizacija tiskanin za proizvodnjo<\/strong><\/p>\n<p style=\"text-align: left;\">Z dolgoletnimi izku\u0161njami z elektroniko, lahko naro\u010dnikom pomagamo pri razvoju v skladu z njihovimi \u017eeljami in potrebami. Ponujamo tudi storitve redesigna tiskanine glede na spremenjene potrebe funkcionalnosti ali optimizacijo tiskanine za u\u010dinkovitej\u0161o serijsko proizvodnjo (DFM \u2013 \u00bbdesign for manufacturing\u00ab).<\/p>\n<p>[\/vc_wp_text][\/vc_column][vc_column width=&#8221;1\/3&#8243;][vc_wp_text]<\/p>\n<p><img loading=\"lazy\" decoding=\"async\" class=\"size-full wp-image-1065 alignnone\" src=\"http:\/\/proplace.si\/wp-content\/uploads\/2015\/10\/nabava.png\" alt=\"nabava\" width=\"70\" height=\"70\" \/><\/p>\n<p style=\"text-align: left;\"><strong>Nabava<\/strong><\/p>\n<p style=\"text-align: left;\">Z razvejano mre\u017eo dobaviteljev lahko ponudimo konkuren\u010dne cene in na trgu najdemo tudi kriti\u010dne komponente. Zagotavljamo optimalno ceno materiala ter pravo\u010dasno dobavo, z namenom odpreme kon\u010dnih izdelkov na dan, ki je pomemben za na\u0161ega naro\u010dnika.<\/p>\n<p>[\/vc_wp_text][\/vc_column][vc_column width=&#8221;1\/3&#8243;][vc_wp_text]<\/p>\n<p><img loading=\"lazy\" decoding=\"async\" class=\"size-full wp-image-1064 alignnone\" src=\"http:\/\/proplace.si\/wp-content\/uploads\/2015\/10\/lastna_proizvodnja_tiskanin.png\" alt=\"lastna_proizvodnja_tiskanin\" width=\"70\" height=\"70\" \/><\/p>\n<p style=\"text-align: left;\"><strong>Lastna proizvodnja tiskanin v sestrskem podjetju<\/strong><\/p>\n<p style=\"text-align: left;\">Hitro odzivnost pri dobavi tiskanin lahko zagotavljamo, ker smo lastni\u0161ko povezani z najve\u010djo proizvodnjo tiskanin v Sloveniji, podjetjem Intectiv in izjemno fleksibilnim in prototipno orientiranim podjetjem Elgoline. Partnerska podjetja v skupini nam zagotavljajo fleksibilnost in dober nadzor nad kakovostjo.<\/p>\n<p>[\/vc_wp_text][\/vc_column][vc_column][vc_row_inner][vc_column_inner width=&#8221;1\/3&#8243;][vc_wp_text]<\/p>\n<p><img loading=\"lazy\" decoding=\"async\" class=\"size-full wp-image-1066 alignnone\" src=\"http:\/\/proplace.si\/wp-content\/uploads\/2015\/10\/opremljanje_tiskanin_s_komponentami_.png\" alt=\"opremljanje_tiskanin_s_komponentami_\" width=\"70\" height=\"70\" \/><\/p>\n<p><strong>Opremljanje tiskanin s komponentami<\/strong><\/p>\n<p style=\"text-align: left;\">Na\u0161a proizvodnja omogo\u010da storitve, kot so monta\u017ea SMD in THT komponent, ter dodatne storitve, kot so. programiranje, testiranje in sestava v ohi\u0161je (t. i. kon\u010dni sestav ali &#8220;box build&#8221;). Celotni proces spremlja dosleden nadzor kakovosti in jasno definirani procesi, s katerimi zagotavljamo brezhibne odpreme v \u017eelenem roku.<\/p>\n<p>[\/vc_wp_text][\/vc_column_inner][vc_column_inner width=&#8221;1\/3&#8243;][vc_wp_text]<\/p>\n<p><img loading=\"lazy\" decoding=\"async\" class=\"size-full wp-image-1070 alignnone\" src=\"http:\/\/proplace.si\/wp-content\/uploads\/2015\/10\/testiranje_programiranje_montaza.png\" alt=\"testiranje_programiranje_montaza\" width=\"70\" height=\"70\" \/><\/p>\n<p style=\"text-align: left;\"><strong>Kon\u010dni sestav<\/strong><\/p>\n<p style=\"text-align: left;\">Ponujamo tudi mo\u017enost programiranja in pa testiranja. Testiranje izvedemo v primeru, ko naro\u010dnik zagotovi testno napravo, lahko pa jo razvijemo tudi v Proplace-u. Kon\u010dne izdelke lahko montiramo tudi v ohi\u0161je.<\/p>\n<p>[\/vc_wp_text][\/vc_column_inner][vc_column_inner width=&#8221;1\/3&#8243;][vc_wp_text]<\/p>\n<p><img loading=\"lazy\" decoding=\"async\" class=\"size-full wp-image-1067 alignnone\" src=\"http:\/\/proplace.si\/wp-content\/uploads\/2015\/10\/pakiranje_logistika.png\" alt=\"pakiranje_logistika\" width=\"70\" height=\"70\" \/><\/p>\n<p style=\"text-align: left;\"><strong>Pakiranje in logistika<\/strong><\/p>\n<p style=\"text-align: left;\">Z veseljem prisluhnemo zahtevam naro\u010dnikov glede posebnih zahtev pri pakiranju in odpremi izdelkov na \u017eeleno lokacijo.<\/p>\n","protected":false},"excerpt":{"rendered":"<p>[vc_row full_width=&#8221;stretch_row_content_no_spaces&#8221; css=&#8221;.vc_custom_1446143843988{margin-bottom: 120px !important;}&#8221;][vc_column][rev_slider_vc alias=&#8221;proplace&#8221;][\/vc_column][\/vc_row][vc_row][vc_column width=&#8221;1\/3&#8243;][vc_wp_text] Razvoj elektronike in optimizacija tiskanin za proizvodnjo Z dolgoletnimi izku\u0161njami z elektroniko, lahko naro\u010dnikom pomagamo pri razvoju v skladu z njihovimi \u017eeljami in potrebami. Ponujamo tudi storitve redesigna tiskanine glede na spremenjene potrebe funkcionalnosti ali optimizacijo tiskanine za u\u010dinkovitej\u0161o serijsko proizvodnjo (DFM \u2013 \u00bbdesign for manufacturing\u00ab). [\/vc_wp_text][\/vc_column][vc_column width=&#8221;1\/3&#8243;][vc_wp_text] [&hellip;]<\/p>\n","protected":false},"author":1,"featured_media":0,"parent":0,"menu_order":0,"comment_status":"closed","ping_status":"closed","template":"","meta":{"footnotes":""},"class_list":["post-828","page","type-page","status-publish","hentry"],"_links":{"self":[{"href":"https:\/\/proplace.si\/index.php\/wp-json\/wp\/v2\/pages\/828"}],"collection":[{"href":"https:\/\/proplace.si\/index.php\/wp-json\/wp\/v2\/pages"}],"about":[{"href":"https:\/\/proplace.si\/index.php\/wp-json\/wp\/v2\/types\/page"}],"author":[{"embeddable":true,"href":"https:\/\/proplace.si\/index.php\/wp-json\/wp\/v2\/users\/1"}],"replies":[{"embeddable":true,"href":"https:\/\/proplace.si\/index.php\/wp-json\/wp\/v2\/comments?post=828"}],"version-history":[{"count":108,"href":"https:\/\/proplace.si\/index.php\/wp-json\/wp\/v2\/pages\/828\/revisions"}],"predecessor-version":[{"id":2496,"href":"https:\/\/proplace.si\/index.php\/wp-json\/wp\/v2\/pages\/828\/revisions\/2496"}],"wp:attachment":[{"href":"https:\/\/proplace.si\/index.php\/wp-json\/wp\/v2\/media?parent=828"}],"curies":[{"name":"wp","href":"https:\/\/api.w.org\/{rel}","templated":true}]}}