{"id":2536,"date":"2025-02-27T14:28:52","date_gmt":"2025-02-27T14:28:52","guid":{"rendered":"https:\/\/proplace.si\/?page_id=2536"},"modified":"2025-02-27T15:58:15","modified_gmt":"2025-02-27T15:58:15","slug":"politika-varstva-osebnih-podatkov","status":"publish","type":"page","link":"https:\/\/proplace.si\/index.php\/sl\/politika-varstva-osebnih-podatkov\/","title":{"rendered":"Politika varstva osebnih podatkov"},"content":{"rendered":"<p>[vc_row][vc_column][vc_column_text]<\/p>\n<p style=\"font-weight: 400;\"><strong>OBVESTILO O VIDEONADZORU<\/strong><\/p>\n<p style=\"font-weight: 400;\"><strong>Obvestilo glede izvajanja videonadzora v prostorih podjetja Proplace d.o.o.<\/strong><\/p>\n<p style=\"font-weight: 400;\"><u>Naziv in naslov upravljavca<\/u>: Proplace d.o.o., Podskrajnik 34, 1380 Cerknica, mail: <a href=\"mailto:info@proplace.si\">info@proplace.si<\/a>, spletna stran: www.proplace.si<\/p>\n<p style=\"font-weight: 400;\"><u>Objekt, kjer se izvaja videonadzor<\/u>:\u00a0 PE, Podskrajnik 107, 1380 Cerknica<\/p>\n<p style=\"font-weight: 400;\"><u>Poobla\u0161\u010dena oseba<\/u>: Andrej Novak, direktor<\/p>\n<p style=\"font-weight: 400;\"><u>Namen izvajanja videonadzora<\/u>: Obdelava podatkov (posnetek posameznika (slika), datum in \u010das vstopa in izstopa iz prostorov oziroma podro\u010dij, ki so pod video nadzorom) se izvaja na podlagi zakonitega interesa, utemeljenega na podlagi Splo\u0161ne uredbe o varstvu podatkov in ZVOP-2, saj se videoposnetki obdelujejo izklju\u010dno z namenom zagotavljanja varnosti ljudi in premo\u017eenja in preverjanja morebitnih nezakonitih dejanj (torej za nadaljnja dejanja v primeru zabele\u017eenih incidentov), vse v skladu z zakonskimi predpisi.<\/p>\n<p style=\"font-weight: 400;\"><u>Pravna podlaga za obdelavo osebnih podatkov<\/u>: Splo\u0161na uredba o varstvu podatkov (Uredba (EU) 2016\/679 o varstvu posameznikov pri obdelavi osebnih podatkov in o prostem teku takih podatkov ter razveljavitvi Direktive 95\/46\/ES) &#8211; to\u010dka (f) 1. odstavka 6. \u010dlena in Zakon o varstvu osebnih podatkov (ZVOP-2, Uradni list RS, \u0161t. 163\/22) \u2013 76. \u010dlen.<\/p>\n<p style=\"font-weight: 400;\"><u>Uporabniki posnetkov videonadzornega sistema<\/u>: Poobla\u0161\u010dene osebe v podjetju Proplace d.o.o skladno s Sklepom o uvedbi videonadzora.<\/p>\n<p style=\"font-weight: 400;\"><u>Informacija o prenosu videoposnetkov v tretje dr\u017eave<\/u>: Posnetki videonadzornega sistema se ne prena\u0161ajo v tretje dr\u017eave.<\/p>\n<p style=\"font-weight: 400;\"><u>Obdobje hrambe videoposnetkov nadzornega sistema<\/u>: ProPlace d.o.o. zbira in hrani osebne podatke le toliko \u010dasa, kolikor je potrebno, da se dose\u017ee namen, za katerega so bili zbrani. Roki, po katerih se osebni podatki izbri\u0161ejo iz zbirke podatkov, so razvidni iz posamezne evidence dejavnosti obdelave osebnih podatkov. Po poteku roka hrambe se osebni podatki zbri\u0161ejo, uni\u010dijo, blokirajo oziroma psevdonimizirajo, razen \u010de zakon ali drug akt ne dolo\u010da druga\u010de.<\/p>\n<p style=\"font-weight: 400;\"><u>Kategorije uporabnikov osebnih podatkov<\/u>: Poobla\u0161\u010deni delavci, poobla\u0161\u010deni pogodbeni sodelavci, drugi uporabniki v skladu z ZVOP-2. Dostop do videoposnetkov imajo tako samo poobla\u0161\u010dene osebe, natan\u010dneje direktor upravljavca in poobla\u0161\u010deni zaposleni, ki skladno z vsakokratnim sklepom o dolo\u010ditvi poobla\u0161\u010dene osebe za dostop do videonadzora izvajajo nadzor na sede\u017eu upravljavca. Izjemoma lahko imajo dostop tudi drugi poobla\u0161\u010deni zaposleni pri pogodbenih sodelavcih upravljavca (npr. kadar je to potrebno za sodne postopke ali vzdr\u017eevanje \/ popravilo informacijskega sistema). V skladu z zakonodajo imajo lahko dostop do videoposnetkov tudi pristojni dr\u017eavni organi v okviru izvajanja dejavnosti, ki jih dolo\u010da zakon.<\/p>\n<p style=\"font-weight: 400;\"><u>Vrste osebnih podatkov v zbirki:<\/u> posnetek posameznika (slika), datum in \u010das vstopa in izstopa iz prostorov oziroma podro\u010dij, ki so pod video nadzorom.<\/p>\n<p style=\"font-weight: 400;\"><u>Pouk o pravicah posameznika glede posnetkov videonadzornega sistema<\/u>: Posameznik, na katerega se nana\u0161ajo osebni podatki, ima pravico od dru\u017ebe dobiti potrditev, ali se v zvezi z njim obdelujejo osebni podatki.<\/p>\n<p style=\"font-weight: 400;\">Pravico do dostopa dru\u017eba uresni\u010duje tako, da posamezniku na njegovo zahtevo omogo\u010di dostop do osebnih podatkov in naslednje informacije:<\/p>\n<ul>\n<li>namene obdelave;<\/li>\n<li>vrste zadevnih osebnih podatkov;<\/li>\n<li>uporabnike ali kategorije uporabnika, ki so jim bili ali jim bodo razkriti osebni podatki;<\/li>\n<li>kadar je mogo\u010de, predvideno obdobje hrambe osebnih podatkov ali, \u010de to ni mogo\u010de, merila, ki se uporabijo za dolo\u010ditev tega obdobja;<\/li>\n<li>obstoj pravice, da od dru\u017ebe zahteva popravek ali izbris osebnih podatkov ali omejitev obdelave osebnih podatkov oz. obstoj pravice do ugovora taki obdelavi;<\/li>\n<li>pravico do vlo\u017eitve prito\u017ebe pri nadzornem organu;<\/li>\n<li>da se avtomatizirano sprejemanje odlo\u010ditev, vklju\u010dno z oblikovanjem profilov, ne izvaja.<\/li>\n<\/ul>\n<p style=\"font-weight: 400;\"><u>Informacija o pravici do vlo\u017eitve prito\u017ebe<\/u>: Prito\u017ebo glede posnetka videonadzornega sistema lahko po\u0161ljete na naslov: Proplace d.o.o., Podskrajnik 107, 1380 Cerknica, mail: info@proplace.si.<\/p>\n<p style=\"font-weight: 400;\"><u>Nujnost zagotovitve osebnih podatkov<\/u>: Osebna privolitev ni potreba zaradi obstoja zakonske podlage za izvajanje videonadzora. Vsak posameznik ima pravico, da ne vstopi v obmo\u010dje, prostor ali objekt, v katerem se izvaja videonadzor.<\/p>\n<p>&nbsp;[\/vc_column_text][\/vc_column][\/vc_row]<\/p>\n","protected":false},"excerpt":{"rendered":"<p>[vc_row][vc_column][vc_column_text] OBVESTILO O VIDEONADZORU Obvestilo glede izvajanja videonadzora v prostorih podjetja Proplace d.o.o. Naziv in naslov upravljavca: Proplace d.o.o., Podskrajnik 34, 1380 Cerknica, mail: info@proplace.si, spletna stran: www.proplace.si Objekt, kjer se izvaja videonadzor:\u00a0 PE, Podskrajnik 107, 1380 Cerknica Poobla\u0161\u010dena oseba: Andrej Novak, direktor Namen izvajanja videonadzora: Obdelava podatkov (posnetek posameznika (slika), datum in \u010das vstopa [&hellip;]<\/p>\n","protected":false},"author":6,"featured_media":0,"parent":0,"menu_order":0,"comment_status":"closed","ping_status":"closed","template":"","meta":{"footnotes":""},"class_list":["post-2536","page","type-page","status-publish","hentry"],"_links":{"self":[{"href":"https:\/\/proplace.si\/index.php\/wp-json\/wp\/v2\/pages\/2536"}],"collection":[{"href":"https:\/\/proplace.si\/index.php\/wp-json\/wp\/v2\/pages"}],"about":[{"href":"https:\/\/proplace.si\/index.php\/wp-json\/wp\/v2\/types\/page"}],"author":[{"embeddable":true,"href":"https:\/\/proplace.si\/index.php\/wp-json\/wp\/v2\/users\/6"}],"replies":[{"embeddable":true,"href":"https:\/\/proplace.si\/index.php\/wp-json\/wp\/v2\/comments?post=2536"}],"version-history":[{"count":2,"href":"https:\/\/proplace.si\/index.php\/wp-json\/wp\/v2\/pages\/2536\/revisions"}],"predecessor-version":[{"id":2538,"href":"https:\/\/proplace.si\/index.php\/wp-json\/wp\/v2\/pages\/2536\/revisions\/2538"}],"wp:attachment":[{"href":"https:\/\/proplace.si\/index.php\/wp-json\/wp\/v2\/media?parent=2536"}],"curies":[{"name":"wp","href":"https:\/\/api.w.org\/{rel}","templated":true}]}}