{"id":23,"date":"2015-10-28T05:31:40","date_gmt":"2015-10-28T05:31:40","guid":{"rendered":"http:\/\/bitpublimedia.ro\/themeforest\/quantum-wp\/?page_id=23"},"modified":"2019-07-14T09:20:05","modified_gmt":"2019-07-14T09:20:05","slug":"poslanstvo-in-vizija","status":"publish","type":"page","link":"https:\/\/proplace.si\/index.php\/sl\/poslanstvo-in-vizija\/","title":{"rendered":"Poslanstvo in vizija"},"content":{"rendered":"<p>[vc_row css=&#8221;.vc_custom_1446116228380{margin-bottom: 70px !important;}&#8221;][vc_column width=&#8221;1\/2&#8243;]<div class=\"headline \"><h3>Poslanstvo<\/h3><\/div>[vc_column_text]Ponuditi kakovostno celovito re\u0161itev na podro\u010dju elektronike v okviru zadovoljevanja potreb in pri\u010dakovanj poslovnih partnerjev ter pri ustvarjanju in krepitvi dolgoro\u010dnih poslovnopartnerskih odnosov.[\/vc_column_text][\/vc_column][vc_column width=&#8221;1\/2&#8243;]<div class=\"headline \"><h3>Vizija<\/h3><\/div>[vc_column_text]Postati eno izmed vodilnih podjetij v Sloveniji in njeni okolici, ki ponuja celovite re\u0161itve \u2013 od razvoja in proizvodnje prototipnih serij do proizvodnje srednje velikih serij.[\/vc_column_text][\/vc_column][\/vc_row][vc_row full_width=&#8221;stretch_row&#8221; font_color=&#8221;#000000&#8243; css=&#8221;.vc_custom_1459238254364{background-color: #00a5a0 !important;}&#8221;][vc_column][vc_empty_space height=&#8221;60px&#8221;]<div class=\"testimonial fixed \"><blockquote class=&quot;no-image&quot;><p>Kon\u010den produkt na enem mestu.<\/p><\/blockquote><h4><\/h4><\/div><!-- end .testimonial -->[vc_empty_space height=&#8221;15px&#8221;][\/vc_column][\/vc_row][vc_row css=&#8221;.vc_custom_1446116228380{margin-bottom: 70px !important;}&#8221;][vc_column width=&#8221;1\/2&#8243;]<div class=\"headline \"><h3>Izjava vodstva<\/h3><\/div>[vc_column_text]ProPlace je mlado podjetje, ki je bilo ustanovljeno leta 2012. Ustanovitvi je botrovala odlo\u010ditev lastnikov, da nadgradi proizvodnjo tiskanih vezij (Elgoline d.o.o., Intec Tiv d.o.o. ) in s tem dose\u017ee ve\u010djo dodano vrednost izdelkov in celovitej\u0161o ponudbo kupcem.<\/p>\n<p>\u017de na samem za\u010detku smo postavili cilje izdelave zahtevnej\u0161ih naro\u010dil, zato smo nabavili sodobno opremo. Zavedamo se, da je \u0161e tako sodobna oprema neuporabna brez sposobnih ljudi. Zato veliko pozornost posve\u010damo kadrovanju ustreznih ljudi in nenehnemu izobra\u017eevanju.<\/p>\n<p>Vedno vi\u0161jim zahtevam sedanjih in potencialnih kupcev sledimo z inovativnimi re\u0161itvami in z najbolj\u0161imi uslugami glede cene, kakovosti in dobavnih rokov.[\/vc_column_text][\/vc_column][vc_column width=&#8221;1\/2&#8243;]<div class=\"headline \"><\/div>[vc_column_text]Prizadevanje za odli\u010dnost je osnova vodenja podjetja na vseh podro\u010djih in ravneh, zato je podjetje pridobilo standard kakovosti ISO 9001. Podjetje skrbi tudi za okolje, zato se je certificiralo tudi s standardom ISO 14001.<\/p>\n<p>Z znanjem, fleksibilnostjo, u\u010dinkovitostjo ter vlaganjem v razvoj pri obvladovanju malih in srednjih serij se \u017eelimo pridru\u017eiti najbolj\u0161im dru\u017ebam na doma\u010dem trgu in tujih trgih.<\/p>\n<p>Spo\u0161tovani poslovni partnerji, prepri\u010dan sem, da boste v nas prepoznali potenciale, s katerimi boste dosegali sinergijo in pri\u010dakovane rezultate svoje dejavnosti. Ponosni bomo,da bomo tudi mi del va\u0161ih uspehov.<\/p>\n<p><u>Miro Levar, prokurist<\/u>[\/vc_column_text][\/vc_column][\/vc_row]<\/p>\n","protected":false},"excerpt":{"rendered":"<p>[vc_row css=&#8221;.vc_custom_1446116228380{margin-bottom: 70px !important;}&#8221;][vc_column width=&#8221;1\/2&#8243;][vc_column_text]Ponuditi kakovostno celovito re\u0161itev na podro\u010dju elektronike v okviru zadovoljevanja potreb in pri\u010dakovanj poslovnih partnerjev ter pri ustvarjanju in krepitvi dolgoro\u010dnih poslovnopartnerskih odnosov.[\/vc_column_text][\/vc_column][vc_column width=&#8221;1\/2&#8243;][vc_column_text]Postati eno izmed vodilnih podjetij v Sloveniji in njeni okolici, ki ponuja celovite re\u0161itve \u2013 od razvoja in proizvodnje prototipnih serij do proizvodnje srednje velikih serij.[\/vc_column_text][\/vc_column][\/vc_row][vc_row full_width=&#8221;stretch_row&#8221; font_color=&#8221;#000000&#8243; [&hellip;]<\/p>\n","protected":false},"author":1,"featured_media":0,"parent":0,"menu_order":0,"comment_status":"closed","ping_status":"closed","template":"","meta":{"footnotes":""},"class_list":["post-23","page","type-page","status-publish","hentry"],"_links":{"self":[{"href":"https:\/\/proplace.si\/index.php\/wp-json\/wp\/v2\/pages\/23"}],"collection":[{"href":"https:\/\/proplace.si\/index.php\/wp-json\/wp\/v2\/pages"}],"about":[{"href":"https:\/\/proplace.si\/index.php\/wp-json\/wp\/v2\/types\/page"}],"author":[{"embeddable":true,"href":"https:\/\/proplace.si\/index.php\/wp-json\/wp\/v2\/users\/1"}],"replies":[{"embeddable":true,"href":"https:\/\/proplace.si\/index.php\/wp-json\/wp\/v2\/comments?post=23"}],"version-history":[{"count":33,"href":"https:\/\/proplace.si\/index.php\/wp-json\/wp\/v2\/pages\/23\/revisions"}],"predecessor-version":[{"id":1793,"href":"https:\/\/proplace.si\/index.php\/wp-json\/wp\/v2\/pages\/23\/revisions\/1793"}],"wp:attachment":[{"href":"https:\/\/proplace.si\/index.php\/wp-json\/wp\/v2\/media?parent=23"}],"curies":[{"name":"wp","href":"https:\/\/api.w.org\/{rel}","templated":true}]}}