{"id":2086,"date":"2022-10-25T10:08:34","date_gmt":"2022-10-25T10:08:34","guid":{"rendered":"http:\/\/proplace.si\/?page_id=2086"},"modified":"2022-10-27T09:09:36","modified_gmt":"2022-10-27T09:09:36","slug":"beschichtung","status":"publish","type":"page","link":"https:\/\/proplace.si\/index.php\/de\/beschichtung\/","title":{"rendered":"Beschichtung"},"content":{"rendered":"<p>[vc_row css=&#8221;.vc_custom_1666690485607{margin-top: 0px !important;padding-top: 0px !important;}&#8221;][vc_column width=&#8221;1\/2&#8243; css=&#8221;.vc_custom_1666690539325{margin-top: 0px !important;padding-top: 0px !important;}&#8221;][vc_column_text]<strong><span style=\"color: #000000;\">BESCHICHTUNG<\/span><\/strong><\/p>\n<p><span style=\"color: #000000;\">F\u00fcr Produkte, die wir vor externen Faktoren sch\u00fctzen wollen, bieten wir bei Proplace eine maschinelle Beschichtung mit Acryllack der Marke Peters an. Die Lackversch\u00fcttung auf ungeeigneten Komponenten kann durch das Auftragen eines Gels begrenzt werden. Die Gelbeschichtung bildet eine sogenannte physische Barriere auf den Leiterplatten. In unserer Produktion verf\u00fcgen wir \u00fcber eine Linie der Marke MYCRONIC mit drei K\u00f6pfen, die unterschiedliche Beschichtungsst\u00e4rken anbietet und auch Beschichtung aus unterschiedlichen Winkeln erm\u00f6glicht. Ein langer Ofen mit 4 Zonen sorgt f\u00fcr schnelles und effizientes Trocknen. <\/span><\/p>\n<p><strong><span style=\"color: #000000;\">PCB-REINIGUNGSMASCHINE<\/span><\/strong><\/p>\n<p><span style=\"color: #000000;\">Mit einer Vorreinigung Ihrer Leiterplatten in unserer xy-Maschine, wird f\u00fcr eine bessere Sauberkeitsqualit\u00e4t gesorgt, was eine bessere Basis f\u00fcr das Auftragen der Schutzbeschichtung vor Feuchtigkeit ist.<\/span><\/p>\n<p><span style=\"color: #000000;\">Die Maschine kann Leiterplatten unterschiedlicher Dimensionen auf verschiedenen Reinigungsprogrammen reinigen, abh\u00e4ngig von den technischen Eigenschaften der Leiterplatten. Ob die Komponenten auf der Leierplatte zum Waschen geeignet sind, muss der Kunde, vor der Wahl dieser Leistung, die Spezifikationen der Komponenten pr\u00fcfen.<\/span>[\/vc_column_text][vc_single_image image=&#8221;2150&#8243; img_size=&#8221;large&#8221;][\/vc_column][vc_column width=&#8221;1\/2&#8243;][vc_single_image image=&#8221;2080&#8243; img_size=&#8221;large&#8221;][\/vc_column][\/vc_row]<\/p>\n","protected":false},"excerpt":{"rendered":"<p>[vc_row css=&#8221;.vc_custom_1666690485607{margin-top: 0px !important;padding-top: 0px !important;}&#8221;][vc_column width=&#8221;1\/2&#8243; css=&#8221;.vc_custom_1666690539325{margin-top: 0px !important;padding-top: 0px !important;}&#8221;][vc_column_text]BESCHICHTUNG F\u00fcr Produkte, die wir vor externen Faktoren sch\u00fctzen wollen, bieten wir bei Proplace eine maschinelle Beschichtung mit Acryllack der Marke Peters an. Die Lackversch\u00fcttung auf ungeeigneten Komponenten kann durch das Auftragen eines Gels begrenzt werden. Die Gelbeschichtung bildet eine sogenannte physische Barriere auf [&hellip;]<\/p>\n","protected":false},"author":6,"featured_media":0,"parent":0,"menu_order":0,"comment_status":"closed","ping_status":"closed","template":"","meta":{"footnotes":""},"class_list":["post-2086","page","type-page","status-publish","hentry"],"_links":{"self":[{"href":"https:\/\/proplace.si\/index.php\/wp-json\/wp\/v2\/pages\/2086"}],"collection":[{"href":"https:\/\/proplace.si\/index.php\/wp-json\/wp\/v2\/pages"}],"about":[{"href":"https:\/\/proplace.si\/index.php\/wp-json\/wp\/v2\/types\/page"}],"author":[{"embeddable":true,"href":"https:\/\/proplace.si\/index.php\/wp-json\/wp\/v2\/users\/6"}],"replies":[{"embeddable":true,"href":"https:\/\/proplace.si\/index.php\/wp-json\/wp\/v2\/comments?post=2086"}],"version-history":[{"count":4,"href":"https:\/\/proplace.si\/index.php\/wp-json\/wp\/v2\/pages\/2086\/revisions"}],"predecessor-version":[{"id":2156,"href":"https:\/\/proplace.si\/index.php\/wp-json\/wp\/v2\/pages\/2086\/revisions\/2156"}],"wp:attachment":[{"href":"https:\/\/proplace.si\/index.php\/wp-json\/wp\/v2\/media?parent=2086"}],"curies":[{"name":"wp","href":"https:\/\/api.w.org\/{rel}","templated":true}]}}