{"id":2078,"date":"2022-10-25T09:57:20","date_gmt":"2022-10-25T09:57:20","guid":{"rendered":"http:\/\/proplace.si\/?page_id=2078"},"modified":"2022-10-27T09:08:38","modified_gmt":"2022-10-27T09:08:38","slug":"premazovanje","status":"publish","type":"page","link":"https:\/\/proplace.si\/index.php\/sl\/premazovanje\/","title":{"rendered":"Premazovanje"},"content":{"rendered":"<p>[vc_row css=&#8221;.vc_custom_1666690485607{margin-top: 0px !important;padding-top: 0px !important;}&#8221;][vc_column width=&#8221;1\/2&#8243; css=&#8221;.vc_custom_1666690539325{margin-top: 0px !important;padding-top: 0px !important;}&#8221;][vc_column_text]<strong><span style=\"color: #000000;\">PREMAZOVANJE<\/span><\/strong><\/p>\n<p><span style=\"color: #000000;\">Za izdelke, ki \u017eelimo za\u0161\u010ditit pred vlago, v Proplace ponujamo strojno premazovanje z akrilnim lakom znamke Peters. Razlivanje laka po neprimernih komponentah, lahko omejimo z nanosom gela, ki na tiskanini izdela t.i. fizi\u010dno pregrado. V na\u0161i proizvodnji je linija znamke MYCRONIC s tremi glavami, ki omogo\u010dajo razli\u010dne debeline nanosa in nanos pod razli\u010dnimi koti. Zaradi dolge pe\u010di s 4 conami je su\u0161enje hitro in u\u010dinkovito.<\/span><\/p>\n<p><strong><span style=\"color: #000000;\">STROJ ZA \u010cI\u0160\u010cENJE PCB<\/span><\/strong><\/p>\n<p><span style=\"color: #000000;\">Nadstandardno \u010disto\u010do in bolj\u0161o podlago za nanos premaza za za\u0161\u010dito pred vlago, lahko zagotovite s predhodnim \u010di\u0161\u010denjem tiskanin v Kolb Aqube, ki ga imamo za vas v proizvodnji. V stroju lahko \u010distimo razli\u010dne dimenzije tiskanin na razli\u010dnih programih, glede na tehni\u010dne lastnosti izdelka. Pomembno je, da kupec pred izbiro te storitve preveri specifikacije komponent ali so primerne za pranje.<\/span>[\/vc_column_text][vc_single_image image=&#8221;2146&#8243; img_size=&#8221;large&#8221;][\/vc_column][vc_column width=&#8221;1\/2&#8243;][vc_single_image image=&#8221;2080&#8243; img_size=&#8221;large&#8221;][\/vc_column][\/vc_row]<\/p>\n","protected":false},"excerpt":{"rendered":"<p>[vc_row css=&#8221;.vc_custom_1666690485607{margin-top: 0px !important;padding-top: 0px !important;}&#8221;][vc_column width=&#8221;1\/2&#8243; css=&#8221;.vc_custom_1666690539325{margin-top: 0px !important;padding-top: 0px !important;}&#8221;][vc_column_text]PREMAZOVANJE Za izdelke, ki \u017eelimo za\u0161\u010ditit pred vlago, v Proplace ponujamo strojno premazovanje z akrilnim lakom znamke Peters. Razlivanje laka po neprimernih komponentah, lahko omejimo z nanosom gela, ki na tiskanini izdela t.i. fizi\u010dno pregrado. V na\u0161i proizvodnji je linija znamke MYCRONIC s tremi [&hellip;]<\/p>\n","protected":false},"author":6,"featured_media":0,"parent":0,"menu_order":0,"comment_status":"closed","ping_status":"closed","template":"","meta":{"footnotes":""},"class_list":["post-2078","page","type-page","status-publish","hentry"],"_links":{"self":[{"href":"https:\/\/proplace.si\/index.php\/wp-json\/wp\/v2\/pages\/2078"}],"collection":[{"href":"https:\/\/proplace.si\/index.php\/wp-json\/wp\/v2\/pages"}],"about":[{"href":"https:\/\/proplace.si\/index.php\/wp-json\/wp\/v2\/types\/page"}],"author":[{"embeddable":true,"href":"https:\/\/proplace.si\/index.php\/wp-json\/wp\/v2\/users\/6"}],"replies":[{"embeddable":true,"href":"https:\/\/proplace.si\/index.php\/wp-json\/wp\/v2\/comments?post=2078"}],"version-history":[{"count":4,"href":"https:\/\/proplace.si\/index.php\/wp-json\/wp\/v2\/pages\/2078\/revisions"}],"predecessor-version":[{"id":2154,"href":"https:\/\/proplace.si\/index.php\/wp-json\/wp\/v2\/pages\/2078\/revisions\/2154"}],"wp:attachment":[{"href":"https:\/\/proplace.si\/index.php\/wp-json\/wp\/v2\/media?parent=2078"}],"curies":[{"name":"wp","href":"https:\/\/api.w.org\/{rel}","templated":true}]}}