{"id":2072,"date":"2022-10-25T09:43:16","date_gmt":"2022-10-25T09:43:16","guid":{"rendered":"http:\/\/proplace.si\/?page_id=2072"},"modified":"2022-10-27T09:07:03","modified_gmt":"2022-10-27T09:07:03","slug":"lasergravur","status":"publish","type":"page","link":"https:\/\/proplace.si\/index.php\/de\/lasergravur\/","title":{"rendered":"Lasergravur"},"content":{"rendered":"<p>[vc_row css=&#8221;.vc_custom_1666690485607{margin-top: 0px !important;padding-top: 0px !important;}&#8221;][vc_column width=&#8221;1\/2&#8243; css=&#8221;.vc_custom_1666690539325{margin-top: 0px !important;padding-top: 0px !important;}&#8221;][vc_column_text]<strong><span style=\"color: #000000;\">LASERGRAVUR<\/span><\/strong><\/p>\n<p><span style=\"color: #000000;\">Alle in unserer Produktion hergestellten Produkte sind mit einem QR-Code gekennzeichnet, den wir auf die Leiterplatte drucken. Zweck der Kennzeichnung ist , einen besseren \u00dcberblick \u00fcber alle Produktionsphasen zu erhalten als auch Produktionslose zu identifizieren, falls sie eventuell vom Markt zur\u00fcckkommen sollten. Auf Kundenwunsch k\u00f6nnen wir verschiedene Formen gravieren wie Datamatrix, QR-Code, Barcode u.s.w. Die Gravierungen sind auf verschiedenen Oberfl\u00e4chen m\u00f6glich: Leiterplatten, Metall, Kunststoff u.s.w. Die Gravur kann eine ausgezeichnete L\u00f6sung sein, mit der Sie auf die Etikettierung bei Ihren Produkten verzichten k\u00f6nnen.<\/span>[\/vc_column_text][vc_single_image image=&#8221;2140&#8243; img_size=&#8221;large&#8221;][\/vc_column][vc_column width=&#8221;1\/2&#8243;][vc_single_image image=&#8221;2066&#8243; img_size=&#8221;large&#8221;][\/vc_column][\/vc_row]<\/p>\n","protected":false},"excerpt":{"rendered":"<p>[vc_row css=&#8221;.vc_custom_1666690485607{margin-top: 0px !important;padding-top: 0px !important;}&#8221;][vc_column width=&#8221;1\/2&#8243; css=&#8221;.vc_custom_1666690539325{margin-top: 0px !important;padding-top: 0px !important;}&#8221;][vc_column_text]LASERGRAVUR Alle in unserer Produktion hergestellten Produkte sind mit einem QR-Code gekennzeichnet, den wir auf die Leiterplatte drucken. Zweck der Kennzeichnung ist , einen besseren \u00dcberblick \u00fcber alle Produktionsphasen zu erhalten als auch Produktionslose zu identifizieren, falls sie eventuell vom Markt zur\u00fcckkommen sollten. Auf [&hellip;]<\/p>\n","protected":false},"author":6,"featured_media":0,"parent":0,"menu_order":0,"comment_status":"closed","ping_status":"closed","template":"","meta":{"footnotes":""},"class_list":["post-2072","page","type-page","status-publish","hentry"],"_links":{"self":[{"href":"https:\/\/proplace.si\/index.php\/wp-json\/wp\/v2\/pages\/2072"}],"collection":[{"href":"https:\/\/proplace.si\/index.php\/wp-json\/wp\/v2\/pages"}],"about":[{"href":"https:\/\/proplace.si\/index.php\/wp-json\/wp\/v2\/types\/page"}],"author":[{"embeddable":true,"href":"https:\/\/proplace.si\/index.php\/wp-json\/wp\/v2\/users\/6"}],"replies":[{"embeddable":true,"href":"https:\/\/proplace.si\/index.php\/wp-json\/wp\/v2\/comments?post=2072"}],"version-history":[{"count":4,"href":"https:\/\/proplace.si\/index.php\/wp-json\/wp\/v2\/pages\/2072\/revisions"}],"predecessor-version":[{"id":2144,"href":"https:\/\/proplace.si\/index.php\/wp-json\/wp\/v2\/pages\/2072\/revisions\/2144"}],"wp:attachment":[{"href":"https:\/\/proplace.si\/index.php\/wp-json\/wp\/v2\/media?parent=2072"}],"curies":[{"name":"wp","href":"https:\/\/api.w.org\/{rel}","templated":true}]}}