{"id":2063,"date":"2022-10-25T09:18:28","date_gmt":"2022-10-25T09:18:28","guid":{"rendered":"http:\/\/proplace.si\/?page_id=2063"},"modified":"2023-12-06T13:36:27","modified_gmt":"2023-12-06T13:36:27","slug":"lasersko-graviranje","status":"publish","type":"page","link":"https:\/\/proplace.si\/index.php\/sl\/lasersko-graviranje\/","title":{"rendered":"Lasersko graviranje"},"content":{"rendered":"<p>[vc_row css=&#8221;.vc_custom_1666690485607{margin-top: 0px !important;padding-top: 0px !important;}&#8221;][vc_column width=&#8221;1\/2&#8243; css=&#8221;.vc_custom_1666690539325{margin-top: 0px !important;padding-top: 0px !important;}&#8221;][vc_column_text]<strong><span style=\"color: #000000;\">LASERSKO GRAVIRANJE<\/span><\/strong><\/p>\n<p><span style=\"color: #000000;\">Vsi izdelki, izdelani v na\u0161i proizvodnji, so ozna\u010deni QR kodo, ki jo vgraviramo na tiskanino. Namen ozna\u010devanja je bolj\u0161i pregled nad vsemi proizvodnimi fazami kot tudi prepoznavanje proizvodnih lotov ob morebitni vrnitvi s trga.<\/span><\/p>\n<p><span style=\"color: #000000;\">Na \u017eeljo kupca lahko graviramo razli\u010dne oblike: data matrix, QR code, barcode \u2026. na razli\u010dne povr\u0161ine: tiskanine, kovina, plastika\u2026\u00a0 Graviranje je lahko odli\u010dna re\u0161itev za opustitev nalepk na va\u0161ih izdelkih.<\/span>[\/vc_column_text][vc_single_image image=&#8221;2124&#8243; img_size=&#8221;large&#8221;][\/vc_column][vc_column width=&#8221;1\/2&#8243;][vc_single_image image=&#8221;2066&#8243; img_size=&#8221;large&#8221;][\/vc_column][\/vc_row]<\/p>\n","protected":false},"excerpt":{"rendered":"<p>[vc_row css=&#8221;.vc_custom_1666690485607{margin-top: 0px !important;padding-top: 0px !important;}&#8221;][vc_column width=&#8221;1\/2&#8243; css=&#8221;.vc_custom_1666690539325{margin-top: 0px !important;padding-top: 0px !important;}&#8221;][vc_column_text]LASERSKO GRAVIRANJE Vsi izdelki, izdelani v na\u0161i proizvodnji, so ozna\u010deni QR kodo, ki jo vgraviramo na tiskanino. Namen ozna\u010devanja je bolj\u0161i pregled nad vsemi proizvodnimi fazami kot tudi prepoznavanje proizvodnih lotov ob morebitni vrnitvi s trga. Na \u017eeljo kupca lahko graviramo razli\u010dne oblike: data [&hellip;]<\/p>\n","protected":false},"author":6,"featured_media":0,"parent":0,"menu_order":0,"comment_status":"closed","ping_status":"closed","template":"","meta":{"footnotes":""},"class_list":["post-2063","page","type-page","status-publish","hentry"],"_links":{"self":[{"href":"https:\/\/proplace.si\/index.php\/wp-json\/wp\/v2\/pages\/2063"}],"collection":[{"href":"https:\/\/proplace.si\/index.php\/wp-json\/wp\/v2\/pages"}],"about":[{"href":"https:\/\/proplace.si\/index.php\/wp-json\/wp\/v2\/types\/page"}],"author":[{"embeddable":true,"href":"https:\/\/proplace.si\/index.php\/wp-json\/wp\/v2\/users\/6"}],"replies":[{"embeddable":true,"href":"https:\/\/proplace.si\/index.php\/wp-json\/wp\/v2\/comments?post=2063"}],"version-history":[{"count":9,"href":"https:\/\/proplace.si\/index.php\/wp-json\/wp\/v2\/pages\/2063\/revisions"}],"predecessor-version":[{"id":2428,"href":"https:\/\/proplace.si\/index.php\/wp-json\/wp\/v2\/pages\/2063\/revisions\/2428"}],"wp:attachment":[{"href":"https:\/\/proplace.si\/index.php\/wp-json\/wp\/v2\/media?parent=2063"}],"curies":[{"name":"wp","href":"https:\/\/api.w.org\/{rel}","templated":true}]}}