{"id":1713,"date":"2016-08-03T09:56:50","date_gmt":"2016-08-03T09:56:50","guid":{"rendered":"http:\/\/proplace.si\/?page_id=1713"},"modified":"2023-12-11T08:55:26","modified_gmt":"2023-12-11T08:55:26","slug":"sulla-societa","status":"publish","type":"page","link":"https:\/\/proplace.si\/index.php\/it\/sulla-societa\/","title":{"rendered":"Sulla societ\u00e0"},"content":{"rendered":"<p>[vc_row][vc_column width=&#8221;1\/2&#8243;][vc_column_text]Proplace \u00e8 una azienda giovane, fondata nel 2011. Lo scopo originario della fondazione era la decisione dei proprietari di aggiungere la produzione di circuiti integrati delle aziende Elgoline d.o.o. e Intectiv d.o.o.. Volendo cos\u00ec valorizzare maggiormente i loro prodotti e fornire ai propri clienti soluzioni e prodotti completi.<\/p>\n<p>Inizialmente l&#8217;obiettivo principale era quello di raggiungere gli standard di produzione pi\u00f9 elevati e di realizzare progetti impegnativi. Quindi, i primi investimenti sono stati attrezzature e macchinari pi\u00f9 moderni. Restando per\u00f2 consapevoli che senza collaboratori competenti e motivati \u200b\u200banche le attrezzature moderne avrebbero avuto poco valore. Ecco perch\u00e9 l&#8217;azienda attribuisce grande importanza alla selezione del personale e all&#8217;attuazione della loro formazione e aggiornamento continuo.<\/p>\n<p>ACon soluzioni innovative e un&#8217;ottima combinazione di prezzo, qualit\u00e0 e tempi di consegna, perseguiamo le crescenti esigenze dei nostri clienti attuali e potenziali. [\/vc_column_text][\/vc_column][vc_column width=&#8221;1\/2&#8243;][vc_column_text]La ricerca dell&#8217;eccellenza \u00e8 la base della nostra gestione aziendale in tutti i settori e a tutti i livelli, motivo per cui l&#8217;azienda ha acquisito lo standard ISO 9001. L&#8217;azienda e i nostri dipendenti hanno a cuore anche l&#8217;ambiente e la sua sicurezza, per questo abbiamo ottenuto anche la certificazione allo standard ISO 14001.<\/p>\n<p>Con la nostra conoscenza, flessibilit\u00e0 e investimenti mirati, garantiamo una produzione efficiente di lotti di piccole e medie dimensioni e ci affianchiamo cos\u00ec alle migliori aziende sul mercato nazionale ed anche estero.<\/p>\n<p>Siamo convinti che, come nostri partner commerciali, saprete riconoscere il potenziale che aiuter\u00e0 a raggiungere i risultati desiderati e auspicati. Saremo orgogliosi di far parte del vostro successo.[\/vc_column_text][\/vc_column][\/vc_row][vc_row][vc_column][vc_empty_space height=&#8221;60px&#8221;][\/vc_column][\/vc_row][vc_row][vc_column]<div class=\"headline  text-center\"><h3>Un gruppo che comprende altre aziende<\/h3><\/div>[\/vc_column][\/vc_row][vc_row][vc_column width=&#8221;1\/4&#8243;][vc_column_text]<\/p>\n<p style=\"text-align: center;\"><img loading=\"lazy\" decoding=\"async\" class=\"alignnone size-full wp-image-1420\" src=\"http:\/\/proplace.si\/wp-content\/uploads\/2016\/03\/elgoline.png\" alt=\"elgoline\" width=\"263\" height=\"100\" srcset=\"https:\/\/proplace.si\/wp-content\/uploads\/2016\/03\/elgoline.png 263w, https:\/\/proplace.si\/wp-content\/uploads\/2016\/03\/elgoline-260x99.png 260w\" sizes=\"(max-width: 263px) 100vw, 263px\" \/><\/p>\n<p>[\/vc_column_text][\/vc_column][vc_column width=&#8221;1\/4&#8243;][vc_column_text]<\/p>\n<p style=\"text-align: center;\"><img loading=\"lazy\" decoding=\"async\" class=\"alignnone size-full wp-image-1421\" src=\"http:\/\/proplace.si\/wp-content\/uploads\/2016\/03\/intectiv.png\" alt=\"intectiv\" width=\"263\" height=\"100\" srcset=\"https:\/\/proplace.si\/wp-content\/uploads\/2016\/03\/intectiv.png 263w, https:\/\/proplace.si\/wp-content\/uploads\/2016\/03\/intectiv-260x99.png 260w\" sizes=\"(max-width: 263px) 100vw, 263px\" \/><\/p>\n<p>[\/vc_column_text][\/vc_column][vc_column width=&#8221;1\/4&#8243;][vc_column_text]<\/p>\n<p style=\"text-align: center;\"><img loading=\"lazy\" decoding=\"async\" class=\"alignnone size-full wp-image-1422\" src=\"http:\/\/proplace.si\/wp-content\/uploads\/2016\/03\/KL_laminates.png\" alt=\"KL_laminates\" width=\"263\" height=\"100\" srcset=\"https:\/\/proplace.si\/wp-content\/uploads\/2016\/03\/KL_laminates.png 263w, https:\/\/proplace.si\/wp-content\/uploads\/2016\/03\/KL_laminates-260x99.png 260w\" sizes=\"(max-width: 263px) 100vw, 263px\" \/><\/p>\n<p>[\/vc_column_text][\/vc_column][vc_column width=&#8221;1\/4&#8243;][vc_column_text]<\/p>\n<p style=\"text-align: center;\"><img loading=\"lazy\" decoding=\"async\" class=\"alignnone size-full wp-image-1423\" src=\"http:\/\/proplace.si\/wp-content\/uploads\/2016\/03\/proplace.png\" alt=\"proplace\" width=\"263\" height=\"100\" srcset=\"https:\/\/proplace.si\/wp-content\/uploads\/2016\/03\/proplace.png 263w, https:\/\/proplace.si\/wp-content\/uploads\/2016\/03\/proplace-260x99.png 260w\" sizes=\"(max-width: 263px) 100vw, 263px\" \/><\/p>\n<p>[\/vc_column_text][\/vc_column][\/vc_row][vc_row][vc_column width=&#8221;1\/2&#8243;][vc_column_text]La societ\u00e0 Proplace si \u00e8 diretta sul mercato dell&#8217;elettronica nel 2011. Abbiamo offerto servizi completi di produzione elettronica, compreso il montaggio di componenti SMD e THT, programmazione e test, e installazione finale nel telaio.[\/vc_column_text][\/vc_column][vc_column width=&#8221;1\/2&#8243;][vc_column_text]Proplace \u00e8 parte di un gruppo in cui si trovano anche le aziende: Elgoline d.o.o., Intectiv d.o.o. e KL Laminati d.o.o. Alcune aziende sono presenti nel mercato della produzione di circuiti stampati da pi\u00f9 di 40 anni.[\/vc_column_text][\/vc_column][\/vc_row][vc_row][vc_column][vc_empty_space height=&#8221;40px&#8221;][\/vc_column][\/vc_row][vc_row full_width=&#8221;stretch_row&#8221; css=&#8221;.vc_custom_1458912848337{background-color: #f2f2f2 !important;}&#8221;][vc_column width=&#8221;1\/3&#8243;][vc_empty_space height=&#8221;72px&#8221;]<div class=\"pricing-table \"><div class=\"pricing-table-header\"><h4>The group had a turnover of<\/h4><h1>20 million \u20ac<\/h1><\/div><!-- end .pricing-table-header --><div class=\"pricing-table-offer\"><ul><li>in 2015.<\/li><\/ul><\/div><\/div>[vc_empty_space height=&#8221;16px&#8221;][\/vc_column][vc_column width=&#8221;1\/3&#8243;][vc_empty_space height=&#8221;72px&#8221;]<div class=\"pricing-table \"><div class=\"pricing-table-header\"><h4>The group employed <\/h4><h1>200 people<\/h1><\/div><!-- end .pricing-table-header --><div class=\"pricing-table-offer\"><ul><li>in 2015.<\/li><\/ul><\/div><\/div>[vc_empty_space height=&#8221;16px&#8221;][\/vc_column][vc_column width=&#8221;1\/3&#8243;][vc_empty_space height=&#8221;72px&#8221;]<div class=\"pricing-table \"><div class=\"pricing-table-header\"><h4>We have over <\/h4><h1>40 years<\/h1><\/div><!-- end .pricing-table-header --><div class=\"pricing-table-offer\"><ul><li>of experience in the electronics production market.<\/li><\/ul><\/div><\/div>[vc_empty_space height=&#8221;16px&#8221;][\/vc_column][\/vc_row][vc_row][vc_column][vc_empty_space height=&#8221;40px&#8221;][\/vc_column][\/vc_row][vc_row][vc_column][vc_empty_space height=&#8221;40px&#8221;][\/vc_column][\/vc_row][vc_row][vc_column]<div class=\"headline  text-center\"><h3>Noi della societ\u00e0 crediamo:<\/h3><\/div>[\/vc_column][\/vc_row][vc_row][vc_column width=&#8221;1\/3&#8243;]<div data-type=\"success\" class=\"alert success\"><i class=\"fa ifc-checkmark\"><\/i>nella responsabilit\u00e0 gestionale<\/div>[\/vc_column][vc_column width=&#8221;1\/3&#8243;]<div data-type=\"success\" class=\"alert success\"><i class=\"fa ifc-checkmark\"><\/i>nella responsabilit\u00e0 verso l&#8217;ambiente<\/div>[\/vc_column][vc_column width=&#8221;1\/3&#8243;]<div data-type=\"success\" class=\"alert success\"><i class=\"fa ifc-checkmark\"><\/i>nella responsabilit\u00e0 dei dipendenti<\/div>[\/vc_column][\/vc_row]<\/p>\n","protected":false},"excerpt":{"rendered":"<p>[vc_row][vc_column width=&#8221;1\/2&#8243;][vc_column_text]Proplace \u00e8 una azienda giovane, fondata nel 2011. Lo scopo originario della fondazione era la decisione dei proprietari di aggiungere la produzione di circuiti integrati delle aziende Elgoline d.o.o. e Intectiv d.o.o.. Volendo cos\u00ec valorizzare maggiormente i loro prodotti e fornire ai propri clienti soluzioni e prodotti completi. Inizialmente l&#8217;obiettivo principale era quello di [&hellip;]<\/p>\n","protected":false},"author":1,"featured_media":0,"parent":0,"menu_order":0,"comment_status":"closed","ping_status":"closed","template":"","meta":{"footnotes":""},"class_list":["post-1713","page","type-page","status-publish","hentry"],"_links":{"self":[{"href":"https:\/\/proplace.si\/index.php\/wp-json\/wp\/v2\/pages\/1713"}],"collection":[{"href":"https:\/\/proplace.si\/index.php\/wp-json\/wp\/v2\/pages"}],"about":[{"href":"https:\/\/proplace.si\/index.php\/wp-json\/wp\/v2\/types\/page"}],"author":[{"embeddable":true,"href":"https:\/\/proplace.si\/index.php\/wp-json\/wp\/v2\/users\/1"}],"replies":[{"embeddable":true,"href":"https:\/\/proplace.si\/index.php\/wp-json\/wp\/v2\/comments?post=1713"}],"version-history":[{"count":5,"href":"https:\/\/proplace.si\/index.php\/wp-json\/wp\/v2\/pages\/1713\/revisions"}],"predecessor-version":[{"id":2437,"href":"https:\/\/proplace.si\/index.php\/wp-json\/wp\/v2\/pages\/1713\/revisions\/2437"}],"wp:attachment":[{"href":"https:\/\/proplace.si\/index.php\/wp-json\/wp\/v2\/media?parent=1713"}],"curies":[{"name":"wp","href":"https:\/\/api.w.org\/{rel}","templated":true}]}}