{"id":1672,"date":"2016-08-03T09:08:12","date_gmt":"2016-08-03T09:08:12","guid":{"rendered":"http:\/\/proplace.si\/?page_id=1672"},"modified":"2024-09-16T12:58:03","modified_gmt":"2024-09-16T12:58:03","slug":"a-domicilio","status":"publish","type":"page","link":"https:\/\/proplace.si\/index.php\/it\/a-domicilio\/","title":{"rendered":"a-domicilio"},"content":{"rendered":"<p>[vc_row full_width=&#8221;stretch_row_content_no_spaces&#8221; css=&#8221;.vc_custom_1446143843988{margin-bottom: 120px !important;}&#8221;][vc_column][rev_slider_vc alias=&#8221;proplace-it&#8221;][\/vc_column][\/vc_row][vc_row][vc_column width=&#8221;1\/3&#8243;][vc_wp_text]<\/p>\n<p><img loading=\"lazy\" decoding=\"async\" class=\"size-full wp-image-1068 alignnone\" src=\"http:\/\/proplace.si\/wp-content\/uploads\/2015\/10\/razvoj_optimizacija_b.png\" alt=\"razvoj_optimizacija_b\" width=\"70\" height=\"70\" \/><\/p>\n<p><strong>Lo sviluppo dell&#8217;elettronica e l&#8217;ottimizzazione dei circuiti stampati per la produzione<\/strong><\/p>\n<p>Con i molti anni di esperienza nell&#8217;elettronica possiamo aiutare i nostri clienti nello sviluppo dell&#8217;elettronica in conformit\u00e0 con i loro desideri e bisogni. Forniamo anche riprogettazione di circuiti stampati in base alle mutevoli esigenze di funzionalit\u00e0 o di ottimizzazione dei circuiti stampati per una produzione in serie pi\u00f9 efficiente (DFM &#8211; &#8220;Design for Manufacturing&#8221;).[\/vc_wp_text][\/vc_column][vc_column width=&#8221;1\/3&#8243;][vc_wp_text]<\/p>\n<p><img loading=\"lazy\" decoding=\"async\" class=\"size-full wp-image-1065 alignnone\" src=\"http:\/\/proplace.si\/wp-content\/uploads\/2015\/10\/nabava.png\" alt=\"nabava\" width=\"70\" height=\"70\" \/><\/p>\n<p><strong>Acquisto<\/strong><\/p>\n<p>Con una vasta rete di fornitori siamo in grado di offrire prezzi competitivi e di reperirre anche i tipi pi\u00f9 introvabili di componenti presenti sul mercato. Assicuriamo un prezzo ottimale, conforme alle date di consegna desiderate, con il desiderio di assicurare la spedizione dei prodotti entro il giorno desiderato dal nostro cliente.[\/vc_wp_text][\/vc_column][vc_column width=&#8221;1\/3&#8243;][vc_wp_text]<\/p>\n<p><img loading=\"lazy\" decoding=\"async\" class=\"size-full wp-image-1064 alignnone\" src=\"http:\/\/proplace.si\/wp-content\/uploads\/2015\/10\/lastna_proizvodnja_tiskanin.png\" alt=\"lastna_proizvodnja_tiskanin\" width=\"70\" height=\"70\" \/><\/p>\n<p style=\"text-align: left;\"><strong>Produzione propria di circuiti stampati in consociata<\/strong><\/p>\n<p>Siamo in grado di fornire una risposta rapida quanto ai circuiti stampati perch\u00e9 abbiamo la propriet\u00e0 associata con il massimo produttore di circuiti stampati in Slovenia, la societ\u00e0 Intectiv e la societ\u00e0 Elgoline, estremamente flessibile e orientata ai prototipi. Le aziende partner all&#8217;interno del gruppo ci forniscono flessibilit\u00e0 e un ottimo controllo di qualit\u00e0.[\/vc_wp_text][\/vc_column][vc_column][vc_row_inner][vc_column_inner width=&#8221;1\/3&#8243;][vc_wp_text]<\/p>\n<p><img loading=\"lazy\" decoding=\"async\" class=\"size-full wp-image-1066 alignnone\" src=\"http:\/\/proplace.si\/wp-content\/uploads\/2015\/10\/opremljanje_tiskanin_s_komponentami_.png\" alt=\"opremljanje_tiskanin_s_komponentami_\" width=\"70\" height=\"70\" \/><\/p>\n<p><strong>Dotazione di componenti nel circuito stampato<\/strong><\/p>\n<p>La nostra produzione offre servizi come assemblaggio di componenti SMD e THT, programmazione, test e assemblaggio finale nel telaio. L&#8217;intero processo \u00e8 accompagnato da un controllo costante della qualit\u00e0 e da processi ben definiti che forniscono un eccellente equipaggiamento nel periodo desiderato.[\/vc_wp_text][\/vc_column_inner][vc_column_inner width=&#8221;1\/3&#8243;][vc_wp_text]<\/p>\n<p><img loading=\"lazy\" decoding=\"async\" class=\"size-full wp-image-1070 alignnone\" src=\"http:\/\/proplace.si\/wp-content\/uploads\/2015\/10\/testiranje_programiranje_montaza.png\" alt=\"testiranje_programiranje_montaza\" width=\"70\" height=\"70\" \/><\/p>\n<p><strong>Test, programmazione e installazione su telai<\/strong><\/p>\n<p>Offriamo anche la possibilit\u00e0 di programmazione e il collaudo dei prodotti dove il cliente pu\u00f2 fornire un dispositivo di prova, o di effettuarli in Proplace. Possiamo anche installare i prodotti finiti su telaio.[\/vc_wp_text][\/vc_column_inner][vc_column_inner width=&#8221;1\/3&#8243;][vc_wp_text]<\/p>\n<p><img loading=\"lazy\" decoding=\"async\" class=\"size-full wp-image-1067 alignnone\" src=\"http:\/\/proplace.si\/wp-content\/uploads\/2015\/10\/pakiranje_logistika.png\" alt=\"pakiranje_logistika\" width=\"70\" height=\"70\" \/><\/p>\n<p><strong>Imballaggio e logistica<\/strong><\/p>\n<p>Ascoltiamo volentieri le esigenze dei clienti per quanto riguarda le specifiche esigenze di packaging e di spedizione dei prodotti alla locazione desiderata.<\/p>\n","protected":false},"excerpt":{"rendered":"<p>[vc_row full_width=&#8221;stretch_row_content_no_spaces&#8221; css=&#8221;.vc_custom_1446143843988{margin-bottom: 120px !important;}&#8221;][vc_column][rev_slider_vc alias=&#8221;proplace-it&#8221;][\/vc_column][\/vc_row][vc_row][vc_column width=&#8221;1\/3&#8243;][vc_wp_text] Lo sviluppo dell&#8217;elettronica e l&#8217;ottimizzazione dei circuiti stampati per la produzione Con i molti anni di esperienza nell&#8217;elettronica possiamo aiutare i nostri clienti nello sviluppo dell&#8217;elettronica in conformit\u00e0 con i loro desideri e bisogni. Forniamo anche riprogettazione di circuiti stampati in base alle mutevoli esigenze di funzionalit\u00e0 o [&hellip;]<\/p>\n","protected":false},"author":1,"featured_media":0,"parent":0,"menu_order":0,"comment_status":"closed","ping_status":"closed","template":"","meta":{"footnotes":""},"class_list":["post-1672","page","type-page","status-publish","hentry"],"_links":{"self":[{"href":"https:\/\/proplace.si\/index.php\/wp-json\/wp\/v2\/pages\/1672"}],"collection":[{"href":"https:\/\/proplace.si\/index.php\/wp-json\/wp\/v2\/pages"}],"about":[{"href":"https:\/\/proplace.si\/index.php\/wp-json\/wp\/v2\/types\/page"}],"author":[{"embeddable":true,"href":"https:\/\/proplace.si\/index.php\/wp-json\/wp\/v2\/users\/1"}],"replies":[{"embeddable":true,"href":"https:\/\/proplace.si\/index.php\/wp-json\/wp\/v2\/comments?post=1672"}],"version-history":[{"count":12,"href":"https:\/\/proplace.si\/index.php\/wp-json\/wp\/v2\/pages\/1672\/revisions"}],"predecessor-version":[{"id":2499,"href":"https:\/\/proplace.si\/index.php\/wp-json\/wp\/v2\/pages\/1672\/revisions\/2499"}],"wp:attachment":[{"href":"https:\/\/proplace.si\/index.php\/wp-json\/wp\/v2\/media?parent=1672"}],"curies":[{"name":"wp","href":"https:\/\/api.w.org\/{rel}","templated":true}]}}