{"id":1653,"date":"2016-08-03T08:26:12","date_gmt":"2016-08-03T08:26:12","guid":{"rendered":"http:\/\/proplace.si\/?page_id=1653"},"modified":"2019-07-14T09:25:26","modified_gmt":"2019-07-14T09:25:26","slug":"verantwortung","status":"publish","type":"page","link":"https:\/\/proplace.si\/index.php\/de\/verantwortung\/","title":{"rendered":"Verantwortung"},"content":{"rendered":"<p>[vc_row][vc_column width=&#8221;1\/2&#8243;]<div data-type=\"success\" class=\"alert success\"><i class=\"fa ifc-checkmark\"><\/i>QUALIT\u00c4TSSPOLITIK UND UMWELTMANAGEMENTSYSTEM<\/div>[vc_column_text]Durch Fachkompetenz und mit Zuverl\u00e4ssigkeit gew\u00e4hrleistet das Unternehmen Proplace allen seinen Kunden hochwertige Produkte. Da wir erfolgreich sein wollen, bieten wir vollendete und technisch vervollst\u00e4ndigte Produkte an.<\/p>\n<p>Wir haben ein integriertes F\u00fchrungssystem eingef\u00fchrt, dass sich auf das Qualit\u00e4tssicherungssystem nach ISO 9001:2015 und Umweltmanagementsystem nach ISO 14001:2015 bezieht. Das System verpflichtet jeden Mitarbeiter zu einer hochwertigen Ausf\u00fchrung der Arbeit und zu Erf\u00fcllung der Anforderungen sowie zu einem entsprechenden Verh\u00e4ltnis zu der Umwelt.<\/p>\n<p>Unsere Ausrichtungen der Qualit\u00e4tspolitik und des Umweltmanagements sind:<\/p>\n<ul>\n<li>Die Gesch\u00e4ftsf\u00fchrung stellt die notwendigen Quellen f\u00fcr die Funktion des Qualit\u00e4tssystems und des Umweltmanagementsystems sicher, um die Erh\u00f6hung der Qualit\u00e4t auf dem Weg zu einer hervorragenden Unternehmensleistung zu erm\u00f6glichen.<\/li>\n<li>Die Gesch\u00e4ftsf\u00fchrung verfolgt und misst die Erreichung der gesetzten Qualit\u00e4t sowie die Einfl\u00fcsse der T\u00e4tigkeit auf die Umwelt regelm\u00e4\u00dfig.<\/li>\n<li>Durch unsere Organisiertheit sind wir in der Lage erfolgreich und effizient die Ziele zu verwirklichen, um die Anforderungen, Bed\u00fcrfnisse und Erwartungen unsere Kunden zu erreichen und zu \u00fcbertreffen.<\/li>\n<li>Mit den Lieferanten bauen wir ein gegenseitig n\u00fctzliches Verh\u00e4ltnis, das auf dem gegenseitigen Respekt und Vertrauen basiert.<\/li>\n<li>Wir garantieren eine entsprechende Arbeitsumgebung, f\u00fcr ein kreatives und motiviertes Wachstum und pers\u00f6nliche Durchsetzung der Mitarbeiter.<\/li>\n<li>Wir k\u00fcmmern uns darum, dass unsere Mitarbeiter zufrieden sind und ber\u00fccksichtigen gleichzeitig die vorgeschriebenen und angenommenen Regeln des Qualit\u00e4ts- und Umweltmanagementsystems.<\/li>\n<li>Wir verpflichten uns, die g\u00fcltigen gesetzlichen Anforderungen zu ber\u00fccksichtigen und das Umweltmanagementsystem st\u00e4ndig zu verbessern.<\/li>\n<li>Wir erf\u00fcllen die Bed\u00fcrfnisse und Erwartungen der relevanten Beteiligten, einige von diesen Bed\u00fcrfnissen und Erwartungen sind aber, was die Konformit\u00e4t betrifft, sogar zu unserer Pflicht geworden.<\/li>\n<li>Wir schulen uns weiter und nehmen an allen Aktivit\u00e4ten teil, die den Umweltschutz sowie die Sicherheit und Gesundheitsschutz am Arbeitsplatz betreffen.<\/li>\n<li>Unsere Qualit\u00e4ts- und Umweltpolitik ist der breiten \u00d6ffentlichkeit zug\u00e4nglich.<\/li>\n<\/ul>\n<p>Die Ziele unserer Qualit\u00e4tspolitik und des Umweltmanagements sind:<\/p>\n<ul>\n<li>Die Erwartungen der Kunden und der interessierten \u00d6ffentlichkeit inkl. unserer Mitarbeiter zu erf\u00fcllen.<\/li>\n<li>Die Anforderungen der Standards zu erf\u00fcllen.<\/li>\n<li>Preislich konkurrenzf\u00e4hig zu sein.<\/li>\n<li>Unter Bedingungen zu liefern, die einen Gesch\u00e4ftserfolg sicherstellen.<\/li>\n<li>In allen Bereichen sparsam und wirtschaftlich zu handeln.<\/li>\n<li>F\u00fcr sichere und ordentliche Arbeitspl\u00e4tze zu sorgen.<\/li>\n<li>Komplett die Anforderungen der g\u00fcltigen Gesetze zu ber\u00fccksichtigen.<\/li>\n<\/ul>\n<p>&nbsp;<\/p>\n<p>Die oberste Gesch\u00e4ftsf\u00fchrung verpflichtet sich, st\u00e4ndig die Beziehung zu der Umwelt zu verbessern und die Verschmutzung zu verhindern sowie die Bedingungen zur Erf\u00fcllung der gesetzten grundlegenden Ziele sicherzustellen.<\/p>\n<p>Wir sind uns bewusst, dass die Qualit\u00e4t vor allem Menschen sind, deshalb respektieren wir Kenntnisse und die Erfindungskraft sowie die Ideen jedes einzelnen Mitarbeiters.<\/p>\n<p>Wir sind uns alle bewusst und verstehen die Qualit\u00e4tspolitik und das Umweltmanagementsystem. Die Politik und ihre grundlegenden Ziele sind uns \u00fcber die routinierten Kommunikationswege innerhalb des Unternehmens bekannt.[\/vc_column_text][\/vc_column][vc_column width=&#8221;1\/2&#8243;]<div data-type=\"success\" class=\"alert success\"><i class=\"fa ifc-checkmark\"><\/i>VERANTWORTUNG DER UNTERNEHMENSF\u00dcHRUNG <\/div>[vc_column_text]Jeder f\u00fchrende Mitarbeiter ist unmittelbar f\u00fcr die Durchsetzung und Ausf\u00fchrung der Qualit\u00e4tspolitik in der Weise verantwortlich, dass er:<\/p>\n<ul>\n<li>sich um die Einf\u00fchrung und die Funktion des Qualit\u00e4tssicherungssystems und des Umweltmanagementsystems k\u00fcmmert,<\/li>\n<\/ul>\n<ul>\n<li>das Niveau der Erf\u00fcllung der Anforderungen der Kunden verfolgt und verbessert,<\/li>\n<\/ul>\n<ul>\n<li>die Quellen der Fehler und der Abweichungen in den Verfahren erkennt und aufhebt,<\/li>\n<li>zusammen mit den Lieferanten und anderen Gesch\u00e4ftspartnern mit gemeinsamen Interessen das Qualit\u00e4tssicherungssystem und das Umweltmanagementsystem entwickelt,<\/li>\n<li>die Programme f\u00fcr die Verbesserung der Qualit\u00e4t und der Ordentlichkeit der Umwelt regelt, verwirklicht und verfolgt,<\/li>\n<li>sich um die Ausbildung und Weiterbildung der Mitarbeiter k\u00fcmmert, um die geplante Qualit\u00e4t, h\u00f6here Ziele und ein verantwortlicheres Verh\u00e4ltnis zu der Umwelt zu erreichen,<\/li>\n<li>sich um rationellen Verbrauch von Rohstoffen, Materialien und Energietr\u00e4gern k\u00fcmmert,<\/li>\n<li>bei seiner Arbeit die Gesetze ber\u00fccksichtigt,<\/li>\n<li>die Verschmutzung der Umwelt verhindert und alle gesetzlichen Anforderungen aus dem Bereich der Umwelt ber\u00fccksichtigt,<\/li>\n<li>sich zu einem minimalen Verbrauch von Energietr\u00e4gern, Rohstoffen und Materialien verpflichtet,<\/li>\n<li>die Risiken erkennt und absch\u00e4tzen kann, die die Erf\u00fcllung der relevanten Anforderungen von wichtigen Beteiligten betreffen,<\/li>\n<li>seine Mitarbeiter dazu motiviert \u00fcber die Risiken und Chancen nachzudenken.<\/li>\n<\/ul>\n<p>[\/vc_column_text]<div data-type=\"success\" class=\"alert success\"><i class=\"fa ifc-checkmark\"><\/i>VERANTWORTUNG DER MITARBEITER<\/div>[vc_column_text]Jeder Mitarbeiter stellt einen Teil des Qualit\u00e4tssicherungssystems und Umweltmanagementsystem dar, deshalb strebt jeder danach:<\/p>\n<ul>\n<li>die Erwartungen der Mitarbeiter und der Kunden, was die Qualit\u00e4t von Produkten und Dienstleistungen betrifft, zu erkennen, zu verstehen und zu befriedigen,<\/li>\n<li>die Quellen der Fehler und der Abweichungen in den Verfahren zu erkennen und aufzuheben,<\/li>\n<li>bei der Planung und Einf\u00fchrung der st\u00e4ndigen Verbesserung der Qualit\u00e4t und der Umwelt zugunsten des Unternehmens als Ganzes mitzumachen.<\/li>\n<\/ul>\n<p>[\/vc_column_text][\/vc_column][\/vc_row]<\/p>\n","protected":false},"excerpt":{"rendered":"<p>[vc_row][vc_column width=&#8221;1\/2&#8243;][vc_column_text]Durch Fachkompetenz und mit Zuverl\u00e4ssigkeit gew\u00e4hrleistet das Unternehmen Proplace allen seinen Kunden hochwertige Produkte. Da wir erfolgreich sein wollen, bieten wir vollendete und technisch vervollst\u00e4ndigte Produkte an. Wir haben ein integriertes F\u00fchrungssystem eingef\u00fchrt, dass sich auf das Qualit\u00e4tssicherungssystem nach ISO 9001:2015 und Umweltmanagementsystem nach ISO 14001:2015 bezieht. Das System verpflichtet jeden Mitarbeiter zu einer [&hellip;]<\/p>\n","protected":false},"author":1,"featured_media":0,"parent":0,"menu_order":0,"comment_status":"closed","ping_status":"closed","template":"","meta":{"footnotes":""},"class_list":["post-1653","page","type-page","status-publish","hentry"],"_links":{"self":[{"href":"https:\/\/proplace.si\/index.php\/wp-json\/wp\/v2\/pages\/1653"}],"collection":[{"href":"https:\/\/proplace.si\/index.php\/wp-json\/wp\/v2\/pages"}],"about":[{"href":"https:\/\/proplace.si\/index.php\/wp-json\/wp\/v2\/types\/page"}],"author":[{"embeddable":true,"href":"https:\/\/proplace.si\/index.php\/wp-json\/wp\/v2\/users\/1"}],"replies":[{"embeddable":true,"href":"https:\/\/proplace.si\/index.php\/wp-json\/wp\/v2\/comments?post=1653"}],"version-history":[{"count":5,"href":"https:\/\/proplace.si\/index.php\/wp-json\/wp\/v2\/pages\/1653\/revisions"}],"predecessor-version":[{"id":1934,"href":"https:\/\/proplace.si\/index.php\/wp-json\/wp\/v2\/pages\/1653\/revisions\/1934"}],"wp:attachment":[{"href":"https:\/\/proplace.si\/index.php\/wp-json\/wp\/v2\/media?parent=1653"}],"curies":[{"name":"wp","href":"https:\/\/api.w.org\/{rel}","templated":true}]}}