{"id":1649,"date":"2016-08-03T08:11:35","date_gmt":"2016-08-03T08:11:35","guid":{"rendered":"http:\/\/proplace.si\/?page_id=1649"},"modified":"2019-07-14T09:21:15","modified_gmt":"2019-07-14T09:21:15","slug":"mission-und-vision","status":"publish","type":"page","link":"https:\/\/proplace.si\/index.php\/de\/mission-und-vision\/","title":{"rendered":"Mission und Vision"},"content":{"rendered":"<p>[vc_row css=&#8221;.vc_custom_1446116228380{margin-bottom: 70px !important;}&#8221;][vc_column width=&#8221;1\/2&#8243;]<div class=\"headline \"><h3>Mission<\/h3><\/div>[vc_column_text]Unsere Mission ist hochwertige ganzheitliche L\u00f6sung im Bereich der Elektronik anzubieten, um die Bed\u00fcrfnisse und die Erwartungen unserer Gesch\u00e4ftspartner zu befriedigen und langfristige Gesch\u00e4ftspartnerbeziehungen zu bilden und zu st\u00e4rken.[\/vc_column_text][\/vc_column][vc_column width=&#8221;1\/2&#8243;]<div class=\"headline \"><h3>Vision<\/h3><\/div>[vc_column_text]Unsere Vision ist eines der f\u00fchrenden Unternehmen in Slowenien und in seiner Umgebung zu werden, das ganzheitliche L\u00f6sungen von der Entwicklung und Herstellung von Prototypen bis zur Produktion von mittelgro\u00dfen Serien anbietet.[\/vc_column_text][\/vc_column][\/vc_row][vc_row full_width=&#8221;stretch_row&#8221; font_color=&#8221;#000000&#8243; css=&#8221;.vc_custom_1459238254364{background-color: #00a5a0 !important;}&#8221;][vc_column][vc_empty_space height=&#8221;60px&#8221;]<div class=\"testimonial fixed \"><blockquote class=&quot;no-image&quot;><p>Endprodukte an einer Stelle<\/p><\/blockquote><h4><\/h4><\/div><!-- end .testimonial -->[vc_empty_space height=&#8221;15px&#8221;][\/vc_column][\/vc_row][vc_row css=&#8221;.vc_custom_1446116228380{margin-bottom: 70px !important;}&#8221;][vc_column width=&#8221;1\/2&#8243;]<div class=\"headline \"><h3>Erkl\u00e4rung der Gesch\u00e4ftsf\u00fchrung<\/h3><\/div>[vc_column_text]ProPlace ist ein junges Unternehmen, das 2012 gegr\u00fcndet wurde. Der Grund f\u00fcr die Gr\u00fcndung des Unternehmens basiert auf der Entscheidung der Eigent\u00fcmer, die Produktion von Leiterplatten aufzubauen (Elgoline d.o.o., Intec Tiv d.o.o. ) und damit eine h\u00f6here Wertsch\u00f6pfung von Produkten und ein ganzheitliches Angebot f\u00fcr die Kunden zu erreichen.<\/p>\n<p>Schon am Anfang haben wir uns das Ziel gesetzt, anspruchsvollere Produkte herzustellen, deshalb haben wir moderne Maschinen gekauft. Wir sind uns bewusst, dass man ohne f\u00fcr die Arbeit bef\u00e4higte Mitarbeiter trotz moderner Ausr\u00fcstung nichts erreichen kann. Deshalb widmen wir der Personalpolitik und st\u00e4ndiger Weiterbildung viel Aufmerksamkeit.<\/p>\n<p>Den immer anspruchsvolleren Anspr\u00fcchen unserer jetzigen und potenziellen Kunden folgen wir mit innovativen L\u00f6sungen und mit dem besten Verh\u00e4ltnis zwischen dem Preis, der Qualit\u00e4t und den Lieferterminen.<br \/>\n[\/vc_column_text][\/vc_column][vc_column width=&#8221;1\/2&#8243;]<div class=\"headline \"><\/div>[vc_column_text]In allen Bereichen und auf allen Niveaus bem\u00fcht sich die Gesch\u00e4ftsf\u00fchrung um Exzellenz, deshalb erwarb das Unternehmen auch den Qualit\u00e4tssicherungsstandard ISO 9001. Das Unternehmen sorgt auch f\u00fcr die Umwelt, deshalb verf\u00fcgt es auch \u00fcber den Standard ISO 14001.<\/p>\n<p>Mit Kenntnissen, Flexibilit\u00e4t, Effizienz sowie Investitionen in die Entwicklung bei der Beherrschung von kleinen und mittelgro\u00dfen Serien m\u00f6chten wir uns den besten Gesellschaften auf dem einheimischen und auf den ausl\u00e4ndischen M\u00e4rkten anschlie\u00dfen.<\/p>\n<p>Sehr geehrte Gesch\u00e4ftspartner, wir sind davon \u00fcberzeugt, dass Sie in uns ein Potenzial erkennen k\u00f6nnen, durch das Sie Synergie und Ergebnisse, die Sie in Ihrer T\u00e4tigkeit erwarten, erreichen k\u00f6nnen. Wir werden stolz darauf sein, ein Teil Ihres Erfolgs zu sein.<\/p>\n<p><u>Miro Levar, Prokurist<\/u>[\/vc_column_text][\/vc_column][\/vc_row]<\/p>\n","protected":false},"excerpt":{"rendered":"<p>[vc_row css=&#8221;.vc_custom_1446116228380{margin-bottom: 70px !important;}&#8221;][vc_column width=&#8221;1\/2&#8243;][vc_column_text]Unsere Mission ist hochwertige ganzheitliche L\u00f6sung im Bereich der Elektronik anzubieten, um die Bed\u00fcrfnisse und die Erwartungen unserer Gesch\u00e4ftspartner zu befriedigen und langfristige Gesch\u00e4ftspartnerbeziehungen zu bilden und zu st\u00e4rken.[\/vc_column_text][\/vc_column][vc_column width=&#8221;1\/2&#8243;][vc_column_text]Unsere Vision ist eines der f\u00fchrenden Unternehmen in Slowenien und in seiner Umgebung zu werden, das ganzheitliche L\u00f6sungen von der Entwicklung und [&hellip;]<\/p>\n","protected":false},"author":1,"featured_media":0,"parent":0,"menu_order":0,"comment_status":"closed","ping_status":"closed","template":"","meta":{"footnotes":""},"class_list":["post-1649","page","type-page","status-publish","hentry"],"_links":{"self":[{"href":"https:\/\/proplace.si\/index.php\/wp-json\/wp\/v2\/pages\/1649"}],"collection":[{"href":"https:\/\/proplace.si\/index.php\/wp-json\/wp\/v2\/pages"}],"about":[{"href":"https:\/\/proplace.si\/index.php\/wp-json\/wp\/v2\/types\/page"}],"author":[{"embeddable":true,"href":"https:\/\/proplace.si\/index.php\/wp-json\/wp\/v2\/users\/1"}],"replies":[{"embeddable":true,"href":"https:\/\/proplace.si\/index.php\/wp-json\/wp\/v2\/comments?post=1649"}],"version-history":[{"count":5,"href":"https:\/\/proplace.si\/index.php\/wp-json\/wp\/v2\/pages\/1649\/revisions"}],"predecessor-version":[{"id":1957,"href":"https:\/\/proplace.si\/index.php\/wp-json\/wp\/v2\/pages\/1649\/revisions\/1957"}],"wp:attachment":[{"href":"https:\/\/proplace.si\/index.php\/wp-json\/wp\/v2\/media?parent=1649"}],"curies":[{"name":"wp","href":"https:\/\/api.w.org\/{rel}","templated":true}]}}