{"id":1645,"date":"2016-08-03T08:00:25","date_gmt":"2016-08-03T08:00:25","guid":{"rendered":"http:\/\/proplace.si\/?page_id=1645"},"modified":"2019-10-14T07:12:26","modified_gmt":"2019-10-14T07:12:26","slug":"uber-uns","status":"publish","type":"page","link":"https:\/\/proplace.si\/index.php\/de\/uber-uns\/","title":{"rendered":"\u00dcber uns"},"content":{"rendered":"<p>[vc_row][vc_column width=&#8221;1\/2&#8243;][vc_column_text]ProPlace ist ein junges Unternehmen, das 2011 gegr\u00fcndet wurde. Der Grund f\u00fcr die Gr\u00fcndung des Unternehmens basiert auf der Entscheidung der Eigent\u00fcmer, die Produktion von Leiterplatten aufzubauen (Elgoline d.o.o., Intec Tiv d.o.o. ) und damit eine h\u00f6here Wertsch\u00f6pfung von Produkten und ein ganzheitliches Angebot f\u00fcr die Kunden zu erreichen.<\/p>\n<p>Schon am Anfang haben wir uns das Ziel gesetzt, anspruchsvollere Produkte herzustellen, deshalb haben wir moderne Maschinen gekauft. Wir sind uns bewusst, dass man ohne f\u00fcr die Arbeit bef\u00e4higte Mitarbeiter trotz moderner Ausr\u00fcstung nichts erreichen kann. Deshalb widmen wir der Personalpolitik und st\u00e4ndiger Weiterbildung viel Aufmerksamkeit.<\/p>\n<p>Den immer anspruchsvolleren Anspr\u00fcchen unserer jetzigen und potenziellen Kunden folgen wir mit innovativen L\u00f6sungen und mit dem besten Verh\u00e4ltnis zwischen dem Preis, der Qualit\u00e4t und den Lieferterminen.[\/vc_column_text][\/vc_column][vc_column width=&#8221;1\/2&#8243;][vc_column_text]In allen Bereichen und auf allen Niveaus bem\u00fcht sich die Gesch\u00e4ftsf\u00fchrung um Exzellenz, deshalb erwarb das Unternehmen auch den Qualit\u00e4tssicherungsstandard ISO 9001. Das Unternehmen sorgt auch f\u00fcr die Umwelt, deshalb verf\u00fcgt es auch \u00fcber den Standard ISO 14001.<\/p>\n<p>Mit Kenntnissen, Flexibilit\u00e4t, Effizienz sowie Investitionen in die Entwicklung bei der Beherrschung von kleinen und mittelgro\u00dfen Serien m\u00f6chten wir uns den besten Gesellschaften auf dem einheimischen und auf den ausl\u00e4ndischen M\u00e4rkten anschlie\u00dfen.<\/p>\n<p>Sehr geehrte Gesch\u00e4ftspartner, wir sind davon \u00fcberzeugt, dass Sie in uns ein Potenzial erkennen k\u00f6nnen, durch das Sie Synergie und Ergebnisse, die Sie in Ihrer T\u00e4tigkeit erwarten, erreichen k\u00f6nnen. Wir werden stolz darauf sein, ein Teil Ihres Erfolgs zu sein.[\/vc_column_text][\/vc_column][\/vc_row][vc_row][vc_column][vc_empty_space height=&#8221;60px&#8221;][\/vc_column][\/vc_row][vc_row][vc_column]<div class=\"headline  text-center\"><h3>Die Gruppe umfasst folgende Unternehmen<\/h3><\/div>[\/vc_column][\/vc_row][vc_row][vc_column width=&#8221;1\/4&#8243;][vc_column_text]<\/p>\n<p style=\"text-align: center;\"><img loading=\"lazy\" decoding=\"async\" class=\"alignnone size-full wp-image-1420\" src=\"http:\/\/proplace.si\/wp-content\/uploads\/2016\/03\/elgoline.png\" alt=\"elgoline\" width=\"263\" height=\"100\" srcset=\"https:\/\/proplace.si\/wp-content\/uploads\/2016\/03\/elgoline.png 263w, https:\/\/proplace.si\/wp-content\/uploads\/2016\/03\/elgoline-260x99.png 260w\" sizes=\"(max-width: 263px) 100vw, 263px\" \/><\/p>\n<p>[\/vc_column_text][\/vc_column][vc_column width=&#8221;1\/4&#8243;][vc_column_text]<\/p>\n<p style=\"text-align: center;\"><img loading=\"lazy\" decoding=\"async\" class=\"alignnone size-full wp-image-1421\" src=\"http:\/\/proplace.si\/wp-content\/uploads\/2016\/03\/intectiv.png\" alt=\"intectiv\" width=\"263\" height=\"100\" srcset=\"https:\/\/proplace.si\/wp-content\/uploads\/2016\/03\/intectiv.png 263w, https:\/\/proplace.si\/wp-content\/uploads\/2016\/03\/intectiv-260x99.png 260w\" sizes=\"(max-width: 263px) 100vw, 263px\" \/><\/p>\n<p>[\/vc_column_text][\/vc_column][vc_column width=&#8221;1\/4&#8243;][vc_column_text]<\/p>\n<p style=\"text-align: center;\"><img loading=\"lazy\" decoding=\"async\" class=\"alignnone size-full wp-image-1422\" src=\"http:\/\/proplace.si\/wp-content\/uploads\/2016\/03\/KL_laminates.png\" alt=\"KL_laminates\" width=\"263\" height=\"100\" srcset=\"https:\/\/proplace.si\/wp-content\/uploads\/2016\/03\/KL_laminates.png 263w, https:\/\/proplace.si\/wp-content\/uploads\/2016\/03\/KL_laminates-260x99.png 260w\" sizes=\"(max-width: 263px) 100vw, 263px\" \/><\/p>\n<p>[\/vc_column_text][\/vc_column][vc_column width=&#8221;1\/4&#8243;][vc_column_text]<\/p>\n<p style=\"text-align: center;\"><img loading=\"lazy\" decoding=\"async\" class=\"alignnone size-full wp-image-1423\" src=\"http:\/\/proplace.si\/wp-content\/uploads\/2016\/03\/proplace.png\" alt=\"proplace\" width=\"263\" height=\"100\" srcset=\"https:\/\/proplace.si\/wp-content\/uploads\/2016\/03\/proplace.png 263w, https:\/\/proplace.si\/wp-content\/uploads\/2016\/03\/proplace-260x99.png 260w\" sizes=\"(max-width: 263px) 100vw, 263px\" \/><\/p>\n<p>[\/vc_column_text][\/vc_column][\/vc_row][vc_row][vc_column width=&#8221;1\/2&#8243;][vc_column_text]Das Unternehmen Proplace widmet sich seit 2011 der Herstellung von Elektronikteilen. Wir haben ganzheitliche Dienstleistungen in der Produktion von Elektronikteilen angeboten, die die Montage von SMD und THT Komponenten, Programmieren und Pr\u00fcfung sowie Endmontage in das Geh\u00e4use umfassen.[\/vc_column_text][\/vc_column][vc_column width=&#8221;1\/2&#8243;][vc_column_text]Proplace stellt einen Teil der Gruppe dar, die aus folgenden Unternehmen gebildet wird: Elgoline d.o.o., Intectiv d.o.o. und KL Laminati d.o.o. Einige Unternehmen sind schon seit mehr als 40 Jahren auf dem Markt f\u00fcr Elektronikteile anwesend.[\/vc_column_text][\/vc_column][\/vc_row][vc_row][vc_column][vc_empty_space height=&#8221;40px&#8221;][\/vc_column][\/vc_row][vc_row full_width=&#8221;stretch_row&#8221; css=&#8221;.vc_custom_1458912848337{background-color: #f2f2f2 !important;}&#8221;][vc_column width=&#8221;1\/3&#8243;][vc_empty_space height=&#8221;72px&#8221;]<div class=\"pricing-table \"><div class=\"pricing-table-header\"><h4>The group had a turnover of<\/h4><h1>20 million \u20ac<\/h1><\/div><!-- end .pricing-table-header --><div class=\"pricing-table-offer\"><ul><li>in 2015.<\/li><\/ul><\/div><\/div>[vc_empty_space height=&#8221;16px&#8221;][\/vc_column][vc_column width=&#8221;1\/3&#8243;][vc_empty_space height=&#8221;72px&#8221;]<div class=\"pricing-table \"><div class=\"pricing-table-header\"><h4>The group employed <\/h4><h1>200 people<\/h1><\/div><!-- end .pricing-table-header --><div class=\"pricing-table-offer\"><ul><li>in 2015.<\/li><\/ul><\/div><\/div>[vc_empty_space height=&#8221;16px&#8221;][\/vc_column][vc_column width=&#8221;1\/3&#8243;][vc_empty_space height=&#8221;72px&#8221;]<div class=\"pricing-table \"><div class=\"pricing-table-header\"><h4>We have over <\/h4><h1>40 years<\/h1><\/div><!-- end .pricing-table-header --><div class=\"pricing-table-offer\"><ul><li>of experience in the electronics production market.<\/li><\/ul><\/div><\/div>[vc_empty_space height=&#8221;16px&#8221;][\/vc_column][\/vc_row][vc_row][vc_column][vc_empty_space height=&#8221;40px&#8221;][\/vc_column][\/vc_row][vc_row][vc_column][vc_empty_space height=&#8221;40px&#8221;][\/vc_column][\/vc_row][vc_row][vc_column]<div class=\"headline  text-center\"><h3>Wir glauben an:<\/h3><\/div>[\/vc_column][\/vc_row][vc_row][vc_column width=&#8221;1\/3&#8243;]<div data-type=\"success\" class=\"alert success\"><i class=\"fa ifc-checkmark\"><\/i>die Verantwortung der Gesch\u00e4ftsf\u00fchrung <\/div>[\/vc_column][vc_column width=&#8221;1\/3&#8243;]<div data-type=\"success\" class=\"alert success\"><i class=\"fa ifc-checkmark\"><\/i>die Verantwortung f\u00fcr die Umwelt <\/div>[\/vc_column][vc_column width=&#8221;1\/3&#8243;]<div data-type=\"success\" class=\"alert success\"><i class=\"fa ifc-checkmark\"><\/i>die Verantwortung der Mitarbeiter<\/div>[\/vc_column][\/vc_row]<\/p>\n","protected":false},"excerpt":{"rendered":"<p>[vc_row][vc_column width=&#8221;1\/2&#8243;][vc_column_text]ProPlace ist ein junges Unternehmen, das 2011 gegr\u00fcndet wurde. Der Grund f\u00fcr die Gr\u00fcndung des Unternehmens basiert auf der Entscheidung der Eigent\u00fcmer, die Produktion von Leiterplatten aufzubauen (Elgoline d.o.o., Intec Tiv d.o.o. ) und damit eine h\u00f6here Wertsch\u00f6pfung von Produkten und ein ganzheitliches Angebot f\u00fcr die Kunden zu erreichen. Schon am Anfang haben wir [&hellip;]<\/p>\n","protected":false},"author":1,"featured_media":0,"parent":0,"menu_order":0,"comment_status":"closed","ping_status":"closed","template":"","meta":{"footnotes":""},"class_list":["post-1645","page","type-page","status-publish","hentry"],"_links":{"self":[{"href":"https:\/\/proplace.si\/index.php\/wp-json\/wp\/v2\/pages\/1645"}],"collection":[{"href":"https:\/\/proplace.si\/index.php\/wp-json\/wp\/v2\/pages"}],"about":[{"href":"https:\/\/proplace.si\/index.php\/wp-json\/wp\/v2\/types\/page"}],"author":[{"embeddable":true,"href":"https:\/\/proplace.si\/index.php\/wp-json\/wp\/v2\/users\/1"}],"replies":[{"embeddable":true,"href":"https:\/\/proplace.si\/index.php\/wp-json\/wp\/v2\/comments?post=1645"}],"version-history":[{"count":6,"href":"https:\/\/proplace.si\/index.php\/wp-json\/wp\/v2\/pages\/1645\/revisions"}],"predecessor-version":[{"id":1995,"href":"https:\/\/proplace.si\/index.php\/wp-json\/wp\/v2\/pages\/1645\/revisions\/1995"}],"wp:attachment":[{"href":"https:\/\/proplace.si\/index.php\/wp-json\/wp\/v2\/media?parent=1645"}],"curies":[{"name":"wp","href":"https:\/\/api.w.org\/{rel}","templated":true}]}}