{"id":1636,"date":"2016-08-03T07:45:05","date_gmt":"2016-08-03T07:45:05","guid":{"rendered":"http:\/\/proplace.si\/?page_id=1636"},"modified":"2018-04-06T13:06:56","modified_gmt":"2018-04-06T13:06:56","slug":"qualitatskontrolle","status":"publish","type":"page","link":"https:\/\/proplace.si\/index.php\/de\/qualitatskontrolle\/","title":{"rendered":"Qualit\u00e4tskontrolle"},"content":{"rendered":"<p>[vc_row][vc_column width=&#8221;1\/2&#8243;]<div data-type=\"success\" class=\"alert success\"><i class=\"fa ifc-checkmark\"><\/i>SPI<\/div>[vc_column_text]Kontrolle der Auftragung der Lotpaste (\u201esolder paste inspection\u201c). Die meisten Schwierigkeiten bei der Qualit\u00e4t der Best\u00fcckung in der Produktion der Elektronik treten bei der Auftragung der Lotpaste auf. Bei Proplace wird eine 100% Kontrolle der Auftragung der Lotpaste mit einer Inline-SPI Anlage sichergestellt, die die Auftragung der Paste bei jeder Leiterplatte pr\u00fcft.[\/vc_column_text][\/vc_column][vc_column width=&#8221;1\/2&#8243;]<div data-type=\"success\" class=\"alert success\"><i class=\"fa ifc-checkmark\"><\/i>AOI<\/div>[vc_column_text]Die optische Kontrolle wird mit AOI Anlagen (\u201eautomated optical inspection\u201c) durchgef\u00fchrt, die eventuelle Kontakte, Verschiebungen von Komponenten und weitere Unregelm\u00e4\u00dfigkeiten im Prozess der Best\u00fcckung pr\u00fcfen. Mehr \u00fcber die AOI Anlage in der Rubrik\u00a0<u><a href=\"\/smd-bestuckung\/\">SMD Best\u00fcckung<\/a><\/u>.[\/vc_column_text][\/vc_column][\/vc_row][vc_row][vc_column width=&#8221;1\/2&#8243;]<div data-type=\"success\" class=\"alert success\"><i class=\"fa ifc-checkmark\"><\/i>RTG<\/div>[vc_column_text]Bei der Best\u00fcckung von anspruchsvolleren Komponenten, bei denen durch visuelle Kontrolle keine gew\u00fcnschte Qualit\u00e4tskontrolle sichergestellt wird, kann eine R\u00f6ntgenkontrolle bei Leiterplatten durchgef\u00fchrt werden. Diese Technologie ist vor allem bei der Montage bei BGA-Chips, weil man mit R\u00f6ntgen auch unter den Chip sehen und die Eignung des L\u00f6tens pr\u00fcfen kann.[\/vc_column_text][\/vc_column][vc_column width=&#8221;1\/2&#8243;]<div data-type=\"success\" class=\"alert success\"><i class=\"fa ifc-checkmark\"><\/i>FCT<\/div>[vc_column_text]Zu einem h\u00f6heren Anteil von fehlerfrei ausgestatteten Produkten tr\u00e4gt wesentlich die Funktionspr\u00fcfung von Produkten bei. Die Anlage f\u00fcr Funktionspr\u00fcfung kann von dem Kunden selbst oder in der Zusammenarbeit mit Proplace aufgrund der Spezifikationen des Auftraggebers hergestellt werden.[\/vc_column_text][\/vc_column][\/vc_row][vc_row][vc_column][vc_single_image image=&#8221;1448&#8243; img_size=&#8221;full&#8221;][\/vc_column][\/vc_row][vc_row][vc_column][vc_empty_space height=&#8221;50px&#8221;][\/vc_column][\/vc_row][vc_row][vc_column]<div class=\"headline  text-center\"><h3>Qualit\u00e4tsstandards<\/h3><\/div>[\/vc_column][\/vc_row][vc_row][vc_column width=&#8221;1\/3&#8243;][vc_column_text]<img loading=\"lazy\" decoding=\"async\" class=\"size-medium wp-image-1413 aligncenter\" src=\"http:\/\/proplace.si\/wp-content\/uploads\/2016\/02\/cert_esd-300x125.png\" alt=\"cert_esd\" width=\"300\" height=\"125\" srcset=\"https:\/\/proplace.si\/wp-content\/uploads\/2016\/02\/cert_esd-300x125.png 300w, https:\/\/proplace.si\/wp-content\/uploads\/2016\/02\/cert_esd-260x108.png 260w, https:\/\/proplace.si\/wp-content\/uploads\/2016\/02\/cert_esd.png 360w\" sizes=\"(max-width: 300px) 100vw, 300px\" \/>[\/vc_column_text][\/vc_column][vc_column width=&#8221;1\/3&#8243;][vc_column_text]<img loading=\"lazy\" decoding=\"async\" class=\"size-medium wp-image-1414 aligncenter\" src=\"http:\/\/proplace.si\/wp-content\/uploads\/2016\/02\/cert_ipc-300x125.png\" alt=\"cert_ipc\" width=\"300\" height=\"125\" srcset=\"https:\/\/proplace.si\/wp-content\/uploads\/2016\/02\/cert_ipc-300x125.png 300w, https:\/\/proplace.si\/wp-content\/uploads\/2016\/02\/cert_ipc-260x108.png 260w, https:\/\/proplace.si\/wp-content\/uploads\/2016\/02\/cert_ipc.png 360w\" sizes=\"(max-width: 300px) 100vw, 300px\" \/>[\/vc_column_text][\/vc_column][vc_column width=&#8221;1\/3&#8243;][vc_column_text]<img loading=\"lazy\" decoding=\"async\" class=\"size-medium wp-image-1417 aligncenter\" src=\"http:\/\/proplace.si\/wp-content\/uploads\/2016\/02\/cert_reach-300x125.png\" alt=\"cert_reach\" width=\"300\" height=\"125\" srcset=\"https:\/\/proplace.si\/wp-content\/uploads\/2016\/02\/cert_reach-300x125.png 300w, https:\/\/proplace.si\/wp-content\/uploads\/2016\/02\/cert_reach-260x108.png 260w, https:\/\/proplace.si\/wp-content\/uploads\/2016\/02\/cert_reach.png 360w\" sizes=\"(max-width: 300px) 100vw, 300px\" \/>[\/vc_column_text][\/vc_column][\/vc_row][vc_row][vc_column width=&#8221;1\/3&#8243;][vc_column_text]<img loading=\"lazy\" decoding=\"async\" class=\"size-medium wp-image-1418 aligncenter\" src=\"http:\/\/proplace.si\/wp-content\/uploads\/2016\/02\/cert_rohs-300x125.png\" alt=\"cert_rohs\" width=\"300\" height=\"125\" srcset=\"https:\/\/proplace.si\/wp-content\/uploads\/2016\/02\/cert_rohs-300x125.png 300w, https:\/\/proplace.si\/wp-content\/uploads\/2016\/02\/cert_rohs-260x108.png 260w, https:\/\/proplace.si\/wp-content\/uploads\/2016\/02\/cert_rohs.png 360w\" sizes=\"(max-width: 300px) 100vw, 300px\" \/>[\/vc_column_text][\/vc_column][vc_column width=&#8221;1\/3&#8243;][vc_column_text]<img loading=\"lazy\" decoding=\"async\" class=\"size-medium wp-image-1416 aligncenter\" src=\"http:\/\/proplace.si\/wp-content\/uploads\/2016\/02\/cert_iso14001-300x125.png\" alt=\"cert_iso14001\" width=\"300\" height=\"125\" srcset=\"https:\/\/proplace.si\/wp-content\/uploads\/2016\/02\/cert_iso14001-300x125.png 300w, https:\/\/proplace.si\/wp-content\/uploads\/2016\/02\/cert_iso14001-260x108.png 260w, https:\/\/proplace.si\/wp-content\/uploads\/2016\/02\/cert_iso14001.png 360w\" sizes=\"(max-width: 300px) 100vw, 300px\" \/>[\/vc_column_text][\/vc_column][vc_column width=&#8221;1\/3&#8243;][vc_column_text]<img loading=\"lazy\" decoding=\"async\" class=\"size-medium wp-image-1415 aligncenter\" src=\"http:\/\/proplace.si\/wp-content\/uploads\/2016\/02\/cert_iso9001-300x125.png\" alt=\"cert_iso9001\" width=\"300\" height=\"125\" srcset=\"https:\/\/proplace.si\/wp-content\/uploads\/2016\/02\/cert_iso9001-300x125.png 300w, https:\/\/proplace.si\/wp-content\/uploads\/2016\/02\/cert_iso9001-260x108.png 260w, https:\/\/proplace.si\/wp-content\/uploads\/2016\/02\/cert_iso9001.png 360w\" sizes=\"(max-width: 300px) 100vw, 300px\" \/>[\/vc_column_text][\/vc_column][\/vc_row]<\/p>\n","protected":false},"excerpt":{"rendered":"<p>[vc_row][vc_column width=&#8221;1\/2&#8243;][vc_column_text]Kontrolle der Auftragung der Lotpaste (\u201esolder paste inspection\u201c). Die meisten Schwierigkeiten bei der Qualit\u00e4t der Best\u00fcckung in der Produktion der Elektronik treten bei der Auftragung der Lotpaste auf. Bei Proplace wird eine 100% Kontrolle der Auftragung der Lotpaste mit einer Inline-SPI Anlage sichergestellt, die die Auftragung der Paste bei jeder Leiterplatte pr\u00fcft.[\/vc_column_text][\/vc_column][vc_column width=&#8221;1\/2&#8243;][vc_column_text]Die optische [&hellip;]<\/p>\n","protected":false},"author":1,"featured_media":0,"parent":0,"menu_order":0,"comment_status":"closed","ping_status":"closed","template":"","meta":{"footnotes":""},"class_list":["post-1636","page","type-page","status-publish","hentry"],"_links":{"self":[{"href":"https:\/\/proplace.si\/index.php\/wp-json\/wp\/v2\/pages\/1636"}],"collection":[{"href":"https:\/\/proplace.si\/index.php\/wp-json\/wp\/v2\/pages"}],"about":[{"href":"https:\/\/proplace.si\/index.php\/wp-json\/wp\/v2\/types\/page"}],"author":[{"embeddable":true,"href":"https:\/\/proplace.si\/index.php\/wp-json\/wp\/v2\/users\/1"}],"replies":[{"embeddable":true,"href":"https:\/\/proplace.si\/index.php\/wp-json\/wp\/v2\/comments?post=1636"}],"version-history":[{"count":3,"href":"https:\/\/proplace.si\/index.php\/wp-json\/wp\/v2\/pages\/1636\/revisions"}],"predecessor-version":[{"id":1920,"href":"https:\/\/proplace.si\/index.php\/wp-json\/wp\/v2\/pages\/1636\/revisions\/1920"}],"wp:attachment":[{"href":"https:\/\/proplace.si\/index.php\/wp-json\/wp\/v2\/media?parent=1636"}],"curies":[{"name":"wp","href":"https:\/\/api.w.org\/{rel}","templated":true}]}}