{"id":1632,"date":"2016-08-03T07:36:48","date_gmt":"2016-08-03T07:36:48","guid":{"rendered":"http:\/\/proplace.si\/?page_id=1632"},"modified":"2016-09-13T11:35:03","modified_gmt":"2016-09-13T11:35:03","slug":"testen-und-programmieren","status":"publish","type":"page","link":"https:\/\/proplace.si\/index.php\/de\/testen-und-programmieren\/","title":{"rendered":"Testen und Programmieren"},"content":{"rendered":"<p>[vc_row][vc_column width=&#8221;2\/3&#8243;][vc_single_image image=&#8221;1875&#8243; img_size=&#8221;large&#8221;][\/vc_column][vc_column width=&#8221;1\/3&#8243;][vc_column_text]Die Pr\u00fcfanlage kann durch den Auftraggeber geliefert oder in der Zusammenarbeit mit Proplace entwickelt werden. Die Produkte k\u00f6nnen schon in der Herstellungsphase gepr\u00fcft werden, und zwar als ganze Platten\u00a0oder als Endprodukte, die schon in das Geh\u00e4use eingebaut wurden.[\/vc_column_text][\/vc_column][\/vc_row]<\/p>\n","protected":false},"excerpt":{"rendered":"<p>[vc_row][vc_column width=&#8221;2\/3&#8243;][vc_single_image image=&#8221;1875&#8243; img_size=&#8221;large&#8221;][\/vc_column][vc_column width=&#8221;1\/3&#8243;][vc_column_text]Die Pr\u00fcfanlage kann durch den Auftraggeber geliefert oder in der Zusammenarbeit mit Proplace entwickelt werden. Die Produkte k\u00f6nnen schon in der Herstellungsphase gepr\u00fcft werden, und zwar als ganze Platten\u00a0oder als Endprodukte, die schon in das Geh\u00e4use eingebaut wurden.[\/vc_column_text][\/vc_column][\/vc_row]<\/p>\n","protected":false},"author":1,"featured_media":0,"parent":0,"menu_order":0,"comment_status":"closed","ping_status":"closed","template":"","meta":{"footnotes":""},"class_list":["post-1632","page","type-page","status-publish","hentry"],"_links":{"self":[{"href":"https:\/\/proplace.si\/index.php\/wp-json\/wp\/v2\/pages\/1632"}],"collection":[{"href":"https:\/\/proplace.si\/index.php\/wp-json\/wp\/v2\/pages"}],"about":[{"href":"https:\/\/proplace.si\/index.php\/wp-json\/wp\/v2\/types\/page"}],"author":[{"embeddable":true,"href":"https:\/\/proplace.si\/index.php\/wp-json\/wp\/v2\/users\/1"}],"replies":[{"embeddable":true,"href":"https:\/\/proplace.si\/index.php\/wp-json\/wp\/v2\/comments?post=1632"}],"version-history":[{"count":5,"href":"https:\/\/proplace.si\/index.php\/wp-json\/wp\/v2\/pages\/1632\/revisions"}],"predecessor-version":[{"id":1886,"href":"https:\/\/proplace.si\/index.php\/wp-json\/wp\/v2\/pages\/1632\/revisions\/1886"}],"wp:attachment":[{"href":"https:\/\/proplace.si\/index.php\/wp-json\/wp\/v2\/media?parent=1632"}],"curies":[{"name":"wp","href":"https:\/\/api.w.org\/{rel}","templated":true}]}}