{"id":1628,"date":"2016-08-03T07:33:15","date_gmt":"2016-08-03T07:33:15","guid":{"rendered":"http:\/\/proplace.si\/?page_id=1628"},"modified":"2016-09-05T12:02:38","modified_gmt":"2016-09-05T12:02:38","slug":"tht-bestuckung","status":"publish","type":"page","link":"https:\/\/proplace.si\/index.php\/de\/tht-bestuckung\/","title":{"rendered":"THT-Best\u00fcckung"},"content":{"rendered":"<p>[vc_row][vc_column width=&#8221;1\/2&#8243;][vc_column_text]Die Kapazit\u00e4ten der THT-Abteilung betragen:[\/vc_column_text]<div class=\"fixed  \" data-direction=\"right\"><div class=\"progress-bar-description \">150.000 ST\u00dcCK KOMPONENTEN T\u00c4GLICH<span class=\"percent\" style=\"left:100%\">100%<\/span><\/div><div class=\"progress-bar \" style=\"background-color:#D7D7D7\"><span class=\"progress-bar-outer\" data-width=\"100\" style=\"background-color:#232323\"><span class=\"progress-bar-inner\"><\/span><\/span><\/div><!-- end .progress-bar --><\/div>[vc_column_text]Die Abteilung ist technologisch gut mit Selektiv- und Strahlungs\u00f6fen ausgestattet, weshalb auch die Produkte konkurrenzf\u00e4hig sein k\u00f6nnen, die die THT Komponenten enthalten. Die beiden \u00d6fen werden in der Stickstoffatmosph\u00e4re betrieben. In unserem Angebot kann man auch L\u00f6ten mit Lotpaste finden, das in einem separaten Strahlungsofen durchgef\u00fchrt wird.[\/vc_column_text][vc_single_image image=&#8221;1447&#8243; img_size=&#8221;large&#8221;][\/vc_column][vc_column width=&#8221;1\/2&#8243;][vc_single_image image=&#8221;1441&#8243; img_size=&#8221;large&#8221;][\/vc_column][\/vc_row]<\/p>\n","protected":false},"excerpt":{"rendered":"<p>[vc_row][vc_column width=&#8221;1\/2&#8243;][vc_column_text]Die Kapazit\u00e4ten der THT-Abteilung betragen:[\/vc_column_text][vc_column_text]Die Abteilung ist technologisch gut mit Selektiv- und Strahlungs\u00f6fen ausgestattet, weshalb auch die Produkte konkurrenzf\u00e4hig sein k\u00f6nnen, die die THT Komponenten enthalten. Die beiden \u00d6fen werden in der Stickstoffatmosph\u00e4re betrieben. In unserem Angebot kann man auch L\u00f6ten mit Lotpaste finden, das in einem separaten Strahlungsofen durchgef\u00fchrt wird.[\/vc_column_text][vc_single_image image=&#8221;1447&#8243; img_size=&#8221;large&#8221;][\/vc_column][vc_column width=&#8221;1\/2&#8243;][vc_single_image [&hellip;]<\/p>\n","protected":false},"author":1,"featured_media":0,"parent":0,"menu_order":0,"comment_status":"closed","ping_status":"closed","template":"","meta":{"footnotes":""},"class_list":["post-1628","page","type-page","status-publish","hentry"],"_links":{"self":[{"href":"https:\/\/proplace.si\/index.php\/wp-json\/wp\/v2\/pages\/1628"}],"collection":[{"href":"https:\/\/proplace.si\/index.php\/wp-json\/wp\/v2\/pages"}],"about":[{"href":"https:\/\/proplace.si\/index.php\/wp-json\/wp\/v2\/types\/page"}],"author":[{"embeddable":true,"href":"https:\/\/proplace.si\/index.php\/wp-json\/wp\/v2\/users\/1"}],"replies":[{"embeddable":true,"href":"https:\/\/proplace.si\/index.php\/wp-json\/wp\/v2\/comments?post=1628"}],"version-history":[{"count":2,"href":"https:\/\/proplace.si\/index.php\/wp-json\/wp\/v2\/pages\/1628\/revisions"}],"predecessor-version":[{"id":1631,"href":"https:\/\/proplace.si\/index.php\/wp-json\/wp\/v2\/pages\/1628\/revisions\/1631"}],"wp:attachment":[{"href":"https:\/\/proplace.si\/index.php\/wp-json\/wp\/v2\/media?parent=1628"}],"curies":[{"name":"wp","href":"https:\/\/api.w.org\/{rel}","templated":true}]}}