{"id":1624,"date":"2016-08-03T07:27:18","date_gmt":"2016-08-03T07:27:18","guid":{"rendered":"http:\/\/proplace.si\/?page_id=1624"},"modified":"2016-09-05T11:59:25","modified_gmt":"2016-09-05T11:59:25","slug":"optische-kontrolle","status":"publish","type":"page","link":"https:\/\/proplace.si\/index.php\/de\/optische-kontrolle\/","title":{"rendered":"Optische Kontrolle"},"content":{"rendered":"<p>[vc_row][vc_column width=&#8221;1\/3&#8243;]<div class=\"headline \"><h3>Visuelle Kontrolle<\/h3><\/div>[vc_column_text]Die optische Kontrolle wird mit AOI Anlagen durchgef\u00fchrt, die eventuelle Kontakte, Verschiebungen von Komponenten und weitere Unregelm\u00e4\u00dfigkeiten im Prozess der Best\u00fcckung pr\u00fcfen.<\/p>\n<p>&nbsp;<\/p>\n<p><strong>Cyberoptics SQ3000<\/strong><\/p>\n<p>Eine echte technische Besonderheit in unserer Produktion ist die moderne Anlage Cyberoptics SQ3000, die mit der modernsten Technologie die schnellste 3D-Kontrolle erm\u00f6glicht. Die Kontrolle wird mit einem mikroskopisch pr\u00e4zisen farblichen Blick auf die Leiterplatte durchgef\u00fchrt, was uns h\u00f6here Qualit\u00e4tskontrolle und einen schnelleren Arbeitsprozess erm\u00f6glicht.[\/vc_column_text][\/vc_column][vc_column width=&#8221;2\/3&#8243;][vc_single_image image=&#8221;1450&#8243; img_size=&#8221;large&#8221;][\/vc_column][\/vc_row]<\/p>\n","protected":false},"excerpt":{"rendered":"<p>[vc_row][vc_column width=&#8221;1\/3&#8243;][vc_column_text]Die optische Kontrolle wird mit AOI Anlagen durchgef\u00fchrt, die eventuelle Kontakte, Verschiebungen von Komponenten und weitere Unregelm\u00e4\u00dfigkeiten im Prozess der Best\u00fcckung pr\u00fcfen. &nbsp; Cyberoptics SQ3000 Eine echte technische Besonderheit in unserer Produktion ist die moderne Anlage Cyberoptics SQ3000, die mit der modernsten Technologie die schnellste 3D-Kontrolle erm\u00f6glicht. Die Kontrolle wird mit einem mikroskopisch pr\u00e4zisen [&hellip;]<\/p>\n","protected":false},"author":1,"featured_media":0,"parent":0,"menu_order":0,"comment_status":"closed","ping_status":"closed","template":"","meta":{"footnotes":""},"class_list":["post-1624","page","type-page","status-publish","hentry"],"_links":{"self":[{"href":"https:\/\/proplace.si\/index.php\/wp-json\/wp\/v2\/pages\/1624"}],"collection":[{"href":"https:\/\/proplace.si\/index.php\/wp-json\/wp\/v2\/pages"}],"about":[{"href":"https:\/\/proplace.si\/index.php\/wp-json\/wp\/v2\/types\/page"}],"author":[{"embeddable":true,"href":"https:\/\/proplace.si\/index.php\/wp-json\/wp\/v2\/users\/1"}],"replies":[{"embeddable":true,"href":"https:\/\/proplace.si\/index.php\/wp-json\/wp\/v2\/comments?post=1624"}],"version-history":[{"count":4,"href":"https:\/\/proplace.si\/index.php\/wp-json\/wp\/v2\/pages\/1624\/revisions"}],"predecessor-version":[{"id":1847,"href":"https:\/\/proplace.si\/index.php\/wp-json\/wp\/v2\/pages\/1624\/revisions\/1847"}],"wp:attachment":[{"href":"https:\/\/proplace.si\/index.php\/wp-json\/wp\/v2\/media?parent=1624"}],"curies":[{"name":"wp","href":"https:\/\/api.w.org\/{rel}","templated":true}]}}