{"id":1620,"date":"2016-08-03T07:20:42","date_gmt":"2016-08-03T07:20:42","guid":{"rendered":"http:\/\/proplace.si\/?page_id=1620"},"modified":"2023-10-23T07:08:25","modified_gmt":"2023-10-23T07:08:25","slug":"smd-bestuckung","status":"publish","type":"page","link":"https:\/\/proplace.si\/index.php\/de\/smd-bestuckung\/","title":{"rendered":"SMD-Best\u00fcckung"},"content":{"rendered":"<p>[vc_row][vc_column width=&#8221;1\/3&#8243;][vc_column_text]<\/p>\n<h3>Wir verf\u00fcgen in der Produktion \u00fcber drei Linien. Sie bestehen aus Maschinen f\u00fcr die Best\u00fcckung von elektronischen Komponenten Europlacer und den \u00d6fen Ersa, die in einer Stickstoffatmosph\u00e4re betrieben werden.<\/h3>\n<p>[\/vc_column_text][\/vc_column][vc_column width=&#8221;1\/3&#8243;][vc_column_text]Bei PROPLACE sind wir uns bewusst, dass der Grund f\u00fcr die meisten Fehler in der Produktion der Elektronik das falsche Auftragen der Lotpaste ist, deshalb sind die beiden Serienproduktionslinien mit der modernen SPI Anlage (\u201esolder paste inspection\u201c) ausgestattet, die die aufgetragenen Schichten der Lotpaste auf jeder Leiterplatte pr\u00fcft.[\/vc_column_text][\/vc_column][vc_column width=&#8221;1\/3&#8243;][vc_column_text]Die Kapazit\u00e4ten der SMD-Abteilung betragen:<\/p>\n<h3><\/h3>\n<p>[\/vc_column_text]<div class=\"fixed  \" data-direction=\"right\"><div class=\"progress-bar-description \">bis zu 2.4 millionen<span class=\"percent\" style=\"left:100%\">100%<\/span><\/div><div class=\"progress-bar \" style=\"background-color:#D7D7D7\"><span class=\"progress-bar-outer\" data-width=\"100\" style=\"background-color:#00a5a0\"><span class=\"progress-bar-inner\"><\/span><\/span><\/div><!-- end .progress-bar --><\/div>[vc_column_text]verlegte Komponenten t\u00e4glich, was uns eine optimale Produktion von Serienauftr\u00e4gen erm\u00f6glicht.[\/vc_column_text][\/vc_column][\/vc_row][vc_row][vc_column][vc_empty_space][\/vc_column][\/vc_row][vc_row full_width=&#8221;stretch_row_content_no_spaces&#8221; parallax=&#8221;content-moving&#8221; parallax_image=&#8221;1272&#8243;][vc_column][vc_empty_space height=&#8221;260px&#8221;][\/vc_column][\/vc_row][vc_row][vc_column][vc_empty_space][\/vc_column][\/vc_row]<\/p>\n","protected":false},"excerpt":{"rendered":"<p>[vc_row][vc_column width=&#8221;1\/3&#8243;][vc_column_text] Wir verf\u00fcgen in der Produktion \u00fcber drei Linien. Sie bestehen aus Maschinen f\u00fcr die Best\u00fcckung von elektronischen Komponenten Europlacer und den \u00d6fen Ersa, die in einer Stickstoffatmosph\u00e4re betrieben werden. [\/vc_column_text][\/vc_column][vc_column width=&#8221;1\/3&#8243;][vc_column_text]Bei PROPLACE sind wir uns bewusst, dass der Grund f\u00fcr die meisten Fehler in der Produktion der Elektronik das falsche Auftragen der Lotpaste [&hellip;]<\/p>\n","protected":false},"author":1,"featured_media":0,"parent":0,"menu_order":0,"comment_status":"closed","ping_status":"closed","template":"","meta":{"footnotes":""},"class_list":["post-1620","page","type-page","status-publish","hentry"],"_links":{"self":[{"href":"https:\/\/proplace.si\/index.php\/wp-json\/wp\/v2\/pages\/1620"}],"collection":[{"href":"https:\/\/proplace.si\/index.php\/wp-json\/wp\/v2\/pages"}],"about":[{"href":"https:\/\/proplace.si\/index.php\/wp-json\/wp\/v2\/types\/page"}],"author":[{"embeddable":true,"href":"https:\/\/proplace.si\/index.php\/wp-json\/wp\/v2\/users\/1"}],"replies":[{"embeddable":true,"href":"https:\/\/proplace.si\/index.php\/wp-json\/wp\/v2\/comments?post=1620"}],"version-history":[{"count":5,"href":"https:\/\/proplace.si\/index.php\/wp-json\/wp\/v2\/pages\/1620\/revisions"}],"predecessor-version":[{"id":2383,"href":"https:\/\/proplace.si\/index.php\/wp-json\/wp\/v2\/pages\/1620\/revisions\/2383"}],"wp:attachment":[{"href":"https:\/\/proplace.si\/index.php\/wp-json\/wp\/v2\/media?parent=1620"}],"curies":[{"name":"wp","href":"https:\/\/api.w.org\/{rel}","templated":true}]}}