{"id":1600,"date":"2016-08-01T13:04:08","date_gmt":"2016-08-01T13:04:08","guid":{"rendered":"http:\/\/proplace.si\/?page_id=1600"},"modified":"2024-09-16T12:57:06","modified_gmt":"2024-09-16T12:57:06","slug":"home-3","status":"publish","type":"page","link":"https:\/\/proplace.si\/index.php\/de\/home-3\/","title":{"rendered":"Home"},"content":{"rendered":"<p>[vc_row full_width=&#8221;stretch_row_content_no_spaces&#8221; css=&#8221;.vc_custom_1446143843988{margin-bottom: 120px !important;}&#8221;][vc_column][rev_slider_vc alias=&#8221;proplace-de&#8221;][\/vc_column][\/vc_row][vc_row][vc_column width=&#8221;1\/3&#8243;][vc_wp_text]<\/p>\n<p><img loading=\"lazy\" decoding=\"async\" class=\"size-full wp-image-1068 alignnone\" src=\"http:\/\/proplace.si\/wp-content\/uploads\/2015\/10\/razvoj_optimizacija_b.png\" alt=\"razvoj_optimizacija_b\" width=\"70\" height=\"70\" \/><\/p>\n<p><strong>Entwicklung der Elektronik und Optimierung der Leiterplatten f\u00fcr die Produktion<\/strong><\/p>\n<p>Durch langj\u00e4hrige Erfahrungen im Bereich der Elektronik k\u00f6nnen wir unseren Auftraggebern bei der Entwicklung der Elektronik nach Ihren W\u00fcnschen und Bed\u00fcrfnissen helfen. Wir bieten auch Redesign von Leiterplatten in Hinsicht auf die Bed\u00fcrfnisse der Funktionalit\u00e4t oder der Optimierung der Leiterplatten, um eine effizientere Serienproduktion (DFM \u2013 \u201edesign for manufacturing\u201c) sicherzustellen. [\/vc_wp_text][\/vc_column][vc_column width=&#8221;1\/3&#8243;][vc_wp_text]<\/p>\n<p><img loading=\"lazy\" decoding=\"async\" class=\"size-full wp-image-1065 alignnone\" src=\"http:\/\/proplace.si\/wp-content\/uploads\/2015\/10\/nabava.png\" alt=\"nabava\" width=\"70\" height=\"70\" \/><\/p>\n<p><strong>Einkauf<\/strong><\/p>\n<p>Durch unser breites Lieferantennetzwerk sind wir in der Lage, konkurrenzf\u00e4hige Preise anzubieten und noch so versteckte Vorr\u00e4te von Komponenten auf dem Markt zu finden. Wir stellen einen optimalen Preis sicher, gem\u00e4\u00df den gew\u00fcnschten Lieferterminen, mit dem Wunsch, die Produkte an dem Tag liefern zu k\u00f6nnen, der f\u00fcr unseren Kunden wichtig sind.[\/vc_wp_text][\/vc_column][vc_column width=&#8221;1\/3&#8243;][vc_wp_text]<\/p>\n<p><img loading=\"lazy\" decoding=\"async\" class=\"size-full wp-image-1064 alignnone\" src=\"http:\/\/proplace.si\/wp-content\/uploads\/2015\/10\/lastna_proizvodnja_tiskanin.png\" alt=\"lastna_proizvodnja_tiskanin\" width=\"70\" height=\"70\" \/><\/p>\n<p style=\"text-align: left;\"><strong>Eigene Produktion von Leiterplatten im Tochterunternehmen<\/strong><\/p>\n<p>Die schnelle Lieferung von Leiterplatten kann dadurch sichergestellt werden, dass wir eigent\u00fcmerisch mit dem gr\u00f6\u00dften slowenischen Hersteller von Leiterplatten, dem Unternehmen Intectiv, und dem au\u00dferordentlich flexiblen und auf Prototypen spezialisierten Unternehmen Elgoline verbunden sind. Partnerunternehmen in der Gruppe gew\u00e4hrleisten hohe Flexibilit\u00e4t und gute Kontrolle \u00fcber die Qualit\u00e4t sicher.[\/vc_wp_text][\/vc_column][vc_column][vc_row_inner][vc_column_inner width=&#8221;1\/3&#8243;][vc_wp_text]<\/p>\n<p><img loading=\"lazy\" decoding=\"async\" class=\"size-full wp-image-1066 alignnone\" src=\"http:\/\/proplace.si\/wp-content\/uploads\/2015\/10\/opremljanje_tiskanin_s_komponentami_.png\" alt=\"opremljanje_tiskanin_s_komponentami_\" width=\"70\" height=\"70\" \/><\/p>\n<p><strong>Best\u00fcckung der Leiterplatten mit weiteren Komponenten<\/strong><\/p>\n<p>In unserer Produktion kann die Montage von SMD und THT Komponenten, Programmieren, Testen sowie der Endzusammenbau des Geh\u00e4uses ausgef\u00fchrt werden. Das ganze Verfahren unterliegt einer strikten Qualit\u00e4tskontrolle und klar definierten Prozessen, mit denen wir fehlerfreie Lieferungen in der gew\u00fcnschten Lieferzeit sicherstellen k\u00f6nnen.[\/vc_wp_text][\/vc_column_inner][vc_column_inner width=&#8221;1\/3&#8243;][vc_wp_text]<\/p>\n<p><img loading=\"lazy\" decoding=\"async\" class=\"size-full wp-image-1070 alignnone\" src=\"http:\/\/proplace.si\/wp-content\/uploads\/2015\/10\/testiranje_programiranje_montaza.png\" alt=\"testiranje_programiranje_montaza\" width=\"70\" height=\"70\" \/><\/p>\n<p><strong>Pr\u00fcfung, Programmierung und Einbau in das Geh\u00e4use<\/strong><\/p>\n<p>In unserem Angebot steht auch Programmierung und Pr\u00fcfung von Produkten, wenn der Auftraggeber eine Pr\u00fcfanlage sicherstellt oder zusammen mit Proplace entwickelt. Endprodukte k\u00f6nnen auch in das Geh\u00e4use eingebaut werden.[\/vc_wp_text][\/vc_column_inner][vc_column_inner width=&#8221;1\/3&#8243;][vc_wp_text]<\/p>\n<p><img loading=\"lazy\" decoding=\"async\" class=\"size-full wp-image-1067 alignnone\" src=\"http:\/\/proplace.si\/wp-content\/uploads\/2015\/10\/pakiranje_logistika.png\" alt=\"pakiranje_logistika\" width=\"70\" height=\"70\" \/><\/p>\n<p><strong>Verpacken und Logistik<\/strong><\/p>\n<p>Gerne erf\u00fcllen wir besondere Anforderungen der Auftraggeber bez\u00fcglich Verpackung und Versand an die gew\u00fcnschte Adresse.<\/p>\n","protected":false},"excerpt":{"rendered":"<p>[vc_row full_width=&#8221;stretch_row_content_no_spaces&#8221; css=&#8221;.vc_custom_1446143843988{margin-bottom: 120px !important;}&#8221;][vc_column][rev_slider_vc alias=&#8221;proplace-de&#8221;][\/vc_column][\/vc_row][vc_row][vc_column width=&#8221;1\/3&#8243;][vc_wp_text] Entwicklung der Elektronik und Optimierung der Leiterplatten f\u00fcr die Produktion Durch langj\u00e4hrige Erfahrungen im Bereich der Elektronik k\u00f6nnen wir unseren Auftraggebern bei der Entwicklung der Elektronik nach Ihren W\u00fcnschen und Bed\u00fcrfnissen helfen. Wir bieten auch Redesign von Leiterplatten in Hinsicht auf die Bed\u00fcrfnisse der Funktionalit\u00e4t oder der Optimierung [&hellip;]<\/p>\n","protected":false},"author":1,"featured_media":0,"parent":0,"menu_order":0,"comment_status":"closed","ping_status":"closed","template":"","meta":{"footnotes":""},"class_list":["post-1600","page","type-page","status-publish","hentry"],"_links":{"self":[{"href":"https:\/\/proplace.si\/index.php\/wp-json\/wp\/v2\/pages\/1600"}],"collection":[{"href":"https:\/\/proplace.si\/index.php\/wp-json\/wp\/v2\/pages"}],"about":[{"href":"https:\/\/proplace.si\/index.php\/wp-json\/wp\/v2\/types\/page"}],"author":[{"embeddable":true,"href":"https:\/\/proplace.si\/index.php\/wp-json\/wp\/v2\/users\/1"}],"replies":[{"embeddable":true,"href":"https:\/\/proplace.si\/index.php\/wp-json\/wp\/v2\/comments?post=1600"}],"version-history":[{"count":12,"href":"https:\/\/proplace.si\/index.php\/wp-json\/wp\/v2\/pages\/1600\/revisions"}],"predecessor-version":[{"id":2497,"href":"https:\/\/proplace.si\/index.php\/wp-json\/wp\/v2\/pages\/1600\/revisions\/2497"}],"wp:attachment":[{"href":"https:\/\/proplace.si\/index.php\/wp-json\/wp\/v2\/media?parent=1600"}],"curies":[{"name":"wp","href":"https:\/\/api.w.org\/{rel}","templated":true}]}}