{"id":1220,"date":"2016-03-24T10:11:42","date_gmt":"2016-03-24T10:11:42","guid":{"rendered":"http:\/\/proplace.si\/?page_id=1220"},"modified":"2019-07-14T09:24:40","modified_gmt":"2019-07-14T09:24:40","slug":"odgovornost","status":"publish","type":"page","link":"https:\/\/proplace.si\/index.php\/sl\/odgovornost\/","title":{"rendered":"Odgovornost"},"content":{"rendered":"<p>[vc_row][vc_column width=&#8221;1\/2&#8243;]<div data-type=\"success\" class=\"alert success\"><i class=\"fa ifc-checkmark\"><\/i>Politika kakovosti<\/div>[vc_column_text]V podjetju Proplace s svojo strokovnostjo in z zanesljivostjo zagotavljamo kakovostne izdelke za vse svoje kupce. Ker \u017eelimo biti uspe\u0161ni, trgu ponujamo dovr\u0161ene in tehnolo\u0161ko izpopolnjene izdelke.<\/p>\n<p>&nbsp;<\/p>\n<p>Vzpostavili smo integriran sistem vodenja, ki zajema sistem vodenja kakovosti po ISO 9001:2015 in sistem ravnanja z okoljem po ISO 14001:2015. Sistem zavezuje vsakega zaposlenega h kakovostnemu delu in k izpolnjevanju zahtev ter k ustreznemu odnosu do okolja.<\/p>\n<p>Na\u0161e usmeritve Politike kakovosti in ravnanja z okoljem so naslednje:<\/p>\n<ul>\n<li>Vodstvo podjetja zagotavlja vse potrebne vire za delovanje sistema kakovosti in sistema ravnanja z okoljem z namenom, da omogo\u010da rast kakovosti na poti k poslovni odli\u010dnosti.<\/li>\n<li>Vodstvo redno spremlja in meri doseganje ravni kakovosti in vplive izvajanja dejavnosti na okolje.<\/li>\n<li>Na\u0161a organiziranost nam omogo\u010da uspe\u0161no in u\u010dinkovito uresni\u010devanje ciljev, da lahko dosegamo in tudi presegamo zahteve, potrebe in pri\u010dakovanja na\u0161ih odjemalcev.<\/li>\n<li>Z dobavitelji gradimo vzajemno koristen partnerski odnos, ki temelji na medsebojnem spo\u0161tovanju in zaupanju.<\/li>\n<li>Zagotavljamo ustrezno delovno okolje, v katerem lahko vsi zaposleni ustvarjalno in motivirano uresni\u010dujemo svojo osebno in poslovno rast.<\/li>\n<li>Skrbimo za zadovoljstvo zaposlenih, hkrati pa vsi zaposleni spo\u0161tujemo predpisane in sprejete elemente sistema kakovosti ter sistema ravnanja z okoljem.<\/li>\n<li>Zavezujemo se k\u00a0izpolnjevanju veljavnih zakonskih zahtev in stalnemu izbolj\u0161evanju sistema ravnanja z okoljem.<\/li>\n<li>Izpolnjujemo potrebe in pri\u010dakovanja relevantnih zainteresiranih strani, nekatere od potreb in pri\u010dakovanj pa so postale tudi na\u0161e obveznosti glede skladnosti.<\/li>\n<li>Vsi se izobra\u017eujemo in smo vklju\u010deni v vse aktivnosti, ki se nana\u0161ajo na varovanje okolja ter pomembnosti varnosti in zdravja.<\/li>\n<li>Na\u0161a Politika kakovosti in ravnanja z okoljem je dostopna \u0161ir\u0161i javnost<\/li>\n<\/ul>\n<p>Na\u0161i cilji Politike kakovosti in ravnanja z okoljem so:<\/p>\n<ul>\n<li>upravi\u010diti pri\u010dakovanja kupcev in vseh zainteresiranih javnosti, vklju\u010dno z na\u0161imi zaposlenimi;<\/li>\n<li>ustrezati zahtevam standardov;<\/li>\n<li>biti cenovno konkuren\u010dni;<\/li>\n<li>dobavljati pod pogoji, ki zagotavljajo poslovni uspeh;<\/li>\n<li>na vseh podro\u010djih se obna\u0161ati var\u010dno in gospodarno;<\/li>\n<li>skrbeti za varna in urejena delovna mesta;<\/li>\n<li>v celoti izpolnjevati zahteve veljavne zakonodaje.<\/li>\n<\/ul>\n<p>&nbsp;<\/p>\n<p>Najvi\u0161je vodstvo se zavezuje k nenehnemu izbolj\u0161evanju na\u0161ega odnosa do okolja in prepre\u010devanju njegovega onesna\u017eevanja in stremi k omogo\u010danju pogojev za izpolnjevanje zastavljenih temeljnih ciljev. Zavedamo se, da smo kakovost predvsem ljudje, zato spo\u0161tujemo znanje in inovativnost ter ideje vsakega zaposlenega. Vsi zaposleni se popolnoma zavedamo in razumemo politiko kakovosti in sistema ravnanja z okoljem. S politiko in z njenimi temeljnimi cilji smo seznanjeni prek ute\u010denih poti komuniciranja znotraj na\u0161ega podjetja. Zaposleni zagotavljamo, da so na\u0161a dejanja usmerjena k izpolnjevanju te politike, okvirnih in izvedbenih ciljev za izbolj\u0161anje sistema kakovosti in ravnanja z okoljem. Politika je na voljo vsem, ki so povezani z na\u0161im delovanjem. Javnosti jo posredujemo na njihovo zahtevo.[\/vc_column_text][\/vc_column][vc_column width=&#8221;1\/2&#8243;]<div data-type=\"success\" class=\"alert success\"><i class=\"fa ifc-checkmark\"><\/i>Odgovornost vodstva<\/div>[vc_column_text]Vsak vodstveni delavec podjetja je neposredno odgovoren za uveljavljanje in izvajanje politike kakovosti, tako da:<\/p>\n<ul>\n<li>skrbi za vpeljavo in delovanje sistema kakovosti in sistema ravnanja z okoljem;<\/li>\n<\/ul>\n<ul>\n<li>spremlja in izbolj\u0161uje raven izpolnjevanja zahtev kupcev;<\/li>\n<\/ul>\n<ul>\n<li>odkriva izvore mogo\u010dih napak ter izpopolnjuje notranje procese in sistem dela;<\/li>\n<li>razvija sistem kakovosti ter sistema ravnanja z okoljem z dobavitelji in drugimi poslovnimi partnerji, s katerimi ima skupen interes;<\/li>\n<li>postavlja, uresni\u010duje in spremlja programe izbolj\u0161anja kakovosti in urejenosti okolja;<\/li>\n<li>skrbi za izobra\u017eevanje in usposabljanje sodelavcev za doseganje na\u010drtovane kakovosti, vi\u0161jih ciljev in odgovornej\u0161i odnos do okolja;<\/li>\n<li>skrbi za racionalno rabo surovin, materialov in energentov;<\/li>\n<li>pri svojem delu spo\u0161tuje zakonodajo;<\/li>\n<li>skrbi za prepre\u010devanje onesna\u017eenja in spo\u0161tovanje vseh zakonskih zahtev s podro\u010dja okolja;<\/li>\n<li>zavezuje k minimalni porabi energentov, minimalni porabi surovin in materialov;<\/li>\n<li>prepoznava in ocenjuje tveganja, ki se nana\u0161ajo na izpolnjevanje relevantnih zahtev pomembnih zainteresiranih strani;<\/li>\n<li>spodbuja kulturo razmi\u0161ljanja o tveganjih in prilo\u017enostih med vsemi zaposlenimi.<\/li>\n<\/ul>\n<p>[\/vc_column_text]<div data-type=\"success\" class=\"alert success\"><i class=\"fa ifc-checkmark\"><\/i>Odgovornost zaposlenih<\/div>[vc_column_text]Vsak delavec podjetja je del sistema kakovosti in sistem ravnanja z okoljem, zato si bo vsak prizadeval:<\/p>\n<ul>\n<li>da bo spoznal, razumel in zadovoljil pri\u010dakovanja sodelavcev in kupcev po kakovosti izdelkov in storitev;<\/li>\n<li>da bo odkrival in odpravljal izvore napak in odstopanj, ki nastajajo v postopkih in procesih;<\/li>\n<li>da bo sodeloval pri na\u010drtovanju in uvedbi stalnega izbolj\u0161anja kakovosti in okolja v dobro podjetja kot celote.<\/li>\n<\/ul>\n<p>[\/vc_column_text][\/vc_column][\/vc_row]<\/p>\n","protected":false},"excerpt":{"rendered":"<p>[vc_row][vc_column width=&#8221;1\/2&#8243;][vc_column_text]V podjetju Proplace s svojo strokovnostjo in z zanesljivostjo zagotavljamo kakovostne izdelke za vse svoje kupce. Ker \u017eelimo biti uspe\u0161ni, trgu ponujamo dovr\u0161ene in tehnolo\u0161ko izpopolnjene izdelke. &nbsp; Vzpostavili smo integriran sistem vodenja, ki zajema sistem vodenja kakovosti po ISO 9001:2015 in sistem ravnanja z okoljem po ISO 14001:2015. Sistem zavezuje vsakega zaposlenega h [&hellip;]<\/p>\n","protected":false},"author":1,"featured_media":0,"parent":0,"menu_order":0,"comment_status":"closed","ping_status":"closed","template":"","meta":{"footnotes":""},"class_list":["post-1220","page","type-page","status-publish","hentry"],"_links":{"self":[{"href":"https:\/\/proplace.si\/index.php\/wp-json\/wp\/v2\/pages\/1220"}],"collection":[{"href":"https:\/\/proplace.si\/index.php\/wp-json\/wp\/v2\/pages"}],"about":[{"href":"https:\/\/proplace.si\/index.php\/wp-json\/wp\/v2\/types\/page"}],"author":[{"embeddable":true,"href":"https:\/\/proplace.si\/index.php\/wp-json\/wp\/v2\/users\/1"}],"replies":[{"embeddable":true,"href":"https:\/\/proplace.si\/index.php\/wp-json\/wp\/v2\/comments?post=1220"}],"version-history":[{"count":7,"href":"https:\/\/proplace.si\/index.php\/wp-json\/wp\/v2\/pages\/1220\/revisions"}],"predecessor-version":[{"id":1795,"href":"https:\/\/proplace.si\/index.php\/wp-json\/wp\/v2\/pages\/1220\/revisions\/1795"}],"wp:attachment":[{"href":"https:\/\/proplace.si\/index.php\/wp-json\/wp\/v2\/media?parent=1220"}],"curies":[{"name":"wp","href":"https:\/\/api.w.org\/{rel}","templated":true}]}}