{"id":1217,"date":"2016-03-24T10:10:07","date_gmt":"2016-03-24T10:10:07","guid":{"rendered":"http:\/\/proplace.si\/?page_id=1217"},"modified":"2023-12-11T08:42:06","modified_gmt":"2023-12-11T08:42:06","slug":"o-podjetju","status":"publish","type":"page","link":"https:\/\/proplace.si\/index.php\/sl\/o-podjetju\/","title":{"rendered":"O podjetju"},"content":{"rendered":"<p>[vc_row][vc_column width=&#8221;1\/2&#8243;][vc_column_text]Proplace je mlado podjetje, ustanovljeno leta 2011. Ustanovitvi podjetja je botrovala odlo\u010ditev lastnikov, da nadgradijo proizvodnjo integriranih vezij podjetij Elgoline d.o.o. in Intectiv d.o.o.. S tem so lahko svojim strankam ponudili celovito re\u0161itev in bolj\u0161i kon\u010dni izdelek.<\/p>\n<p>Prve investicije so bile namenjene modernej\u0161i opremi in strojem z namenom doseganja vi\u0161jih standardov proizvodnje in izdelave zahtevnej\u0161ih projektov. Zavedamo pa se, da brez kompetentnega kadra tudi moderna oprema nima visoke vrednosti. Prav zato\u00a0 v podjetju dajemo velik poudarek na izbiro ustreznega kadra in izvedbo kontinuiranih usposabljanj in izobra\u017eevanj.<\/p>\n<p>Z inovativnimi re\u0161itvami ter odli\u010dno kombinacijo cene, kakovosti in dogovorjenih dobavnih rokov lahko izpolnjujemo vse ve\u010dje zahteve na\u0161ih obstoje\u010dih in potencialnih kupcev. [\/vc_column_text][\/vc_column][vc_column width=&#8221;1\/2&#8243;][vc_column_text]Prizadevanje za odli\u010dnost je temelj vodenja podjetja na vseh podro\u010djih in ravneh, zato je podjetje pridobilo standard ISO 9001. Podjetje in zaposleni skrbimo tudi za okolje in njegovo varnost, zato smo pridobili tudi standard ISO 14001.<\/p>\n<p>S svojim znanjem, fleksibilnostjo in investicijami zagotavljamo u\u010dinkovito proizvodnjo majhnih in srednje velikih serij, kar nas postavi ob bok najbolj\u0161im podjetjem na doma\u010dem in tujem trgu.<\/p>\n<p>Prepri\u010dani smo, da bomo kot va\u0161i poslovni partnerji ve\u010d kot upravi\u010dili va\u0161e zaupanje. Ponosni smo, da bomo del va\u0161ega uspeha.[\/vc_column_text][\/vc_column][\/vc_row][vc_row][vc_column][vc_empty_space height=&#8221;60px&#8221;][\/vc_column][\/vc_row][vc_row][vc_column]<div class=\"headline  text-center\"><h3>Skupina, ki vklju\u010duje podjetja:<\/h3><\/div>[\/vc_column][\/vc_row][vc_row][vc_column width=&#8221;1\/4&#8243;][vc_column_text]<\/p>\n<p style=\"text-align: center;\"><img loading=\"lazy\" decoding=\"async\" class=\"alignnone size-full wp-image-1420\" src=\"http:\/\/proplace.si\/wp-content\/uploads\/2016\/03\/elgoline.png\" alt=\"elgoline\" width=\"263\" height=\"100\" srcset=\"https:\/\/proplace.si\/wp-content\/uploads\/2016\/03\/elgoline.png 263w, https:\/\/proplace.si\/wp-content\/uploads\/2016\/03\/elgoline-260x99.png 260w\" sizes=\"(max-width: 263px) 100vw, 263px\" \/><\/p>\n<p>[\/vc_column_text][\/vc_column][vc_column width=&#8221;1\/4&#8243;][vc_column_text]<\/p>\n<p style=\"text-align: center;\"><img loading=\"lazy\" decoding=\"async\" class=\"alignnone size-full wp-image-1421\" src=\"http:\/\/proplace.si\/wp-content\/uploads\/2016\/03\/intectiv.png\" alt=\"intectiv\" width=\"263\" height=\"100\" srcset=\"https:\/\/proplace.si\/wp-content\/uploads\/2016\/03\/intectiv.png 263w, https:\/\/proplace.si\/wp-content\/uploads\/2016\/03\/intectiv-260x99.png 260w\" sizes=\"(max-width: 263px) 100vw, 263px\" \/><\/p>\n<p>[\/vc_column_text][\/vc_column][vc_column width=&#8221;1\/4&#8243;][vc_column_text]<\/p>\n<p style=\"text-align: center;\"><img loading=\"lazy\" decoding=\"async\" class=\"alignnone size-full wp-image-1422\" src=\"http:\/\/proplace.si\/wp-content\/uploads\/2016\/03\/KL_laminates.png\" alt=\"KL_laminates\" width=\"263\" height=\"100\" srcset=\"https:\/\/proplace.si\/wp-content\/uploads\/2016\/03\/KL_laminates.png 263w, https:\/\/proplace.si\/wp-content\/uploads\/2016\/03\/KL_laminates-260x99.png 260w\" sizes=\"(max-width: 263px) 100vw, 263px\" \/><\/p>\n<p>[\/vc_column_text][\/vc_column][vc_column width=&#8221;1\/4&#8243;][vc_column_text]<\/p>\n<p style=\"text-align: center;\"><img loading=\"lazy\" decoding=\"async\" class=\"alignnone size-full wp-image-1423\" src=\"http:\/\/proplace.si\/wp-content\/uploads\/2016\/03\/proplace.png\" alt=\"proplace\" width=\"263\" height=\"100\" srcset=\"https:\/\/proplace.si\/wp-content\/uploads\/2016\/03\/proplace.png 263w, https:\/\/proplace.si\/wp-content\/uploads\/2016\/03\/proplace-260x99.png 260w\" sizes=\"(max-width: 263px) 100vw, 263px\" \/><\/p>\n<p>[\/vc_column_text][\/vc_column][\/vc_row][vc_row][vc_column width=&#8221;1\/2&#8243;][vc_column_text]Podjetje Proplace se je na trg proizvodnje elektronike usmerilo leta 2011. Ponudili smo celovite storitve proizvodnje elektronike, ki vklju\u010dujejo SMD, polaganje komponent THT, programiranje in testiranje ter kon\u010dno sestavo v ohi\u0161je.[\/vc_column_text][\/vc_column][vc_column width=&#8221;1\/2&#8243;][vc_column_text]Proplace je del skupine, v kateri so \u0161e\u00a0podjetja: Elgoline d.o.o., Intectiv d.o.o. in KL Laminati d.o.o. Nekatera podjetja so na trgu proizvodnje tiskanin prisotna \u017ee ve\u010d kot 40 let.[\/vc_column_text][\/vc_column][\/vc_row][vc_row][vc_column][vc_empty_space height=&#8221;40px&#8221;][\/vc_column][\/vc_row][vc_row full_width=&#8221;stretch_row&#8221; css=&#8221;.vc_custom_1458912848337{background-color: #f2f2f2 !important;}&#8221;][vc_column width=&#8221;1\/3&#8243;][vc_empty_space height=&#8221;72px&#8221;]<div class=\"pricing-table \"><div class=\"pricing-table-header\"><h4>Promet skupine je zna\u0161al<\/h4><h1>20 mio \u20ac<\/h1><\/div><!-- end .pricing-table-header --><div class=\"pricing-table-offer\"><ul><li>v letu 2015.<\/li><\/ul><\/div><\/div>[vc_empty_space height=&#8221;16px&#8221;][\/vc_column][vc_column width=&#8221;1\/3&#8243;][vc_empty_space height=&#8221;72px&#8221;]<div class=\"pricing-table \"><div class=\"pricing-table-header\"><h4>V skupini je zaposlenih<\/h4><h1>200 ljudi<\/h1><\/div><!-- end .pricing-table-header --><div class=\"pricing-table-offer\"><ul><li>v letu 2015.<\/li><\/ul><\/div><\/div>[vc_empty_space height=&#8221;16px&#8221;][\/vc_column][vc_column width=&#8221;1\/3&#8243;][vc_empty_space height=&#8221;72px&#8221;]<div class=\"pricing-table \"><div class=\"pricing-table-header\"><h4>Imamo ve\u010d kot<\/h4><h1>40 let<\/h1><\/div><!-- end .pricing-table-header --><div class=\"pricing-table-offer\"><ul><li>izku\u0161enj na trgu proizvodnje elektronike.<\/li><\/ul><\/div><\/div>[vc_empty_space height=&#8221;16px&#8221;][\/vc_column][\/vc_row][vc_row][vc_column][vc_empty_space height=&#8221;40px&#8221;][\/vc_column][\/vc_row][vc_row][vc_column][vc_empty_space height=&#8221;40px&#8221;][\/vc_column][\/vc_row][vc_row][vc_column]<div class=\"headline  text-center\"><h3>V podjetju verjamemo v:<\/h3><\/div>[\/vc_column][\/vc_row][vc_row][vc_column width=&#8221;1\/3&#8243;]<div data-type=\"success\" class=\"alert success\"><i class=\"fa ifc-checkmark\"><\/i>Odgovornost vodstva<\/div>[\/vc_column][vc_column width=&#8221;1\/3&#8243;]<div data-type=\"success\" class=\"alert success\"><i class=\"fa ifc-checkmark\"><\/i>Odgovornost do okolja<\/div>[\/vc_column][vc_column width=&#8221;1\/3&#8243;]<div data-type=\"success\" class=\"alert success\"><i class=\"fa ifc-checkmark\"><\/i>Odgovornost zaposlenih<\/div>[\/vc_column][\/vc_row]<\/p>\n","protected":false},"excerpt":{"rendered":"<p>[vc_row][vc_column width=&#8221;1\/2&#8243;][vc_column_text]Proplace je mlado podjetje, ustanovljeno leta 2011. Ustanovitvi podjetja je botrovala odlo\u010ditev lastnikov, da nadgradijo proizvodnjo integriranih vezij podjetij Elgoline d.o.o. in Intectiv d.o.o.. S tem so lahko svojim strankam ponudili celovito re\u0161itev in bolj\u0161i kon\u010dni izdelek. Prve investicije so bile namenjene modernej\u0161i opremi in strojem z namenom doseganja vi\u0161jih standardov proizvodnje in izdelave [&hellip;]<\/p>\n","protected":false},"author":1,"featured_media":0,"parent":0,"menu_order":0,"comment_status":"closed","ping_status":"closed","template":"","meta":{"footnotes":""},"class_list":["post-1217","page","type-page","status-publish","hentry"],"_links":{"self":[{"href":"https:\/\/proplace.si\/index.php\/wp-json\/wp\/v2\/pages\/1217"}],"collection":[{"href":"https:\/\/proplace.si\/index.php\/wp-json\/wp\/v2\/pages"}],"about":[{"href":"https:\/\/proplace.si\/index.php\/wp-json\/wp\/v2\/types\/page"}],"author":[{"embeddable":true,"href":"https:\/\/proplace.si\/index.php\/wp-json\/wp\/v2\/users\/1"}],"replies":[{"embeddable":true,"href":"https:\/\/proplace.si\/index.php\/wp-json\/wp\/v2\/comments?post=1217"}],"version-history":[{"count":39,"href":"https:\/\/proplace.si\/index.php\/wp-json\/wp\/v2\/pages\/1217\/revisions"}],"predecessor-version":[{"id":2431,"href":"https:\/\/proplace.si\/index.php\/wp-json\/wp\/v2\/pages\/1217\/revisions\/2431"}],"wp:attachment":[{"href":"https:\/\/proplace.si\/index.php\/wp-json\/wp\/v2\/media?parent=1217"}],"curies":[{"name":"wp","href":"https:\/\/api.w.org\/{rel}","templated":true}]}}