{"id":1210,"date":"2016-03-24T10:06:52","date_gmt":"2016-03-24T10:06:52","guid":{"rendered":"http:\/\/proplace.si\/?page_id=1210"},"modified":"2018-04-06T13:05:21","modified_gmt":"2018-04-06T13:05:21","slug":"nadzor-kakovosti","status":"publish","type":"page","link":"https:\/\/proplace.si\/index.php\/sl\/nadzor-kakovosti\/","title":{"rendered":"Nadzor kakovosti"},"content":{"rendered":"<p>[vc_row][vc_column width=&#8221;1\/2&#8243;]<div data-type=\"success\" class=\"alert success\"><i class=\"fa ifc-checkmark\"><\/i>SPI<\/div>[vc_column_text]Kontrola nanosa spajkalne paste (&#8220;solder paste inspection&#8221;). Ve\u010dina te\u017eav pri kakovosti\u00a0polaganja komponent v proizvodnji elektronike izvira iz nanosa spajkalne paste. V Proplace zagotavljamo celovito\u00a0kontrolo nanosa spajkalne paste s strojem SPI, ki preveri nanos paste na vsaki tiskanini.[\/vc_column_text][\/vc_column][vc_column width=&#8221;1\/2&#8243;]<div data-type=\"success\" class=\"alert success\"><i class=\"fa ifc-checkmark\"><\/i>AOI<\/div>[vc_column_text]Vizualna kontrola se izvaja z AOI stroji, ki lahko preverijo morebitne stike, zamik komponente in preostale nepravilnosti pri polaganju . Ve\u010d o AOI stroju si lahko preberete v rubriki <u><a href=\"\/smd-polaganje\/\">SMD polaganje<\/a><\/u> (automated optical inspection).[\/vc_column_text][\/vc_column][\/vc_row][vc_row][vc_column width=&#8221;1\/2&#8243;]<div data-type=\"success\" class=\"alert success\"><i class=\"fa ifc-checkmark\"><\/i>RTG<\/div>[vc_column_text]Pri polaganju zahtevnej\u0161ih komponent, kjer vizualna kontrola ne zagotavlja \u017eelenega nadzora kakovosti, opravimo tudi rentgenski pregled tiskanin. Ta tehnologija je predvsem potrebna pri monta\u017ei BGA \u010dipov, kjer z RTG lahko vidimo pod \u010dip in preverimo ustreznost spajkanja.[\/vc_column_text][\/vc_column][vc_column width=&#8221;1\/2&#8243;]<div data-type=\"success\" class=\"alert success\"><i class=\"fa ifc-checkmark\"><\/i>FCT<\/div>[vc_column_text]K vi\u0161jem dele\u017eu brezhibno odpremljenih izdelkov lahko izjemno pripomore funkcijsko testiranje izdelkov. Naravo za funkcijsko testiranje lahko izdela kupec, lahko pa jo izdela tudo Proplace na podlagi specifikacij naro\u010dnika.[\/vc_column_text][\/vc_column][\/vc_row][vc_row][vc_column][vc_single_image image=&#8221;1448&#8243; img_size=&#8221;full&#8221;][\/vc_column][\/vc_row][vc_row][vc_column][vc_empty_space height=&#8221;50px&#8221;][\/vc_column][\/vc_row][vc_row][vc_column]<div class=\"headline  text-center\"><h3>Standardi kakovosti<\/h3><\/div>[\/vc_column][\/vc_row][vc_row][vc_column width=&#8221;1\/3&#8243;][vc_column_text]<img loading=\"lazy\" decoding=\"async\" class=\"size-medium wp-image-1413 aligncenter\" src=\"http:\/\/proplace.si\/wp-content\/uploads\/2016\/02\/cert_esd-300x125.png\" alt=\"cert_esd\" width=\"300\" height=\"125\" srcset=\"https:\/\/proplace.si\/wp-content\/uploads\/2016\/02\/cert_esd-300x125.png 300w, https:\/\/proplace.si\/wp-content\/uploads\/2016\/02\/cert_esd-260x108.png 260w, https:\/\/proplace.si\/wp-content\/uploads\/2016\/02\/cert_esd.png 360w\" sizes=\"(max-width: 300px) 100vw, 300px\" \/>[\/vc_column_text][\/vc_column][vc_column width=&#8221;1\/3&#8243;][vc_column_text]<img loading=\"lazy\" decoding=\"async\" class=\"size-medium wp-image-1414 aligncenter\" src=\"http:\/\/proplace.si\/wp-content\/uploads\/2016\/02\/cert_ipc-300x125.png\" alt=\"cert_ipc\" width=\"300\" height=\"125\" srcset=\"https:\/\/proplace.si\/wp-content\/uploads\/2016\/02\/cert_ipc-300x125.png 300w, https:\/\/proplace.si\/wp-content\/uploads\/2016\/02\/cert_ipc-260x108.png 260w, https:\/\/proplace.si\/wp-content\/uploads\/2016\/02\/cert_ipc.png 360w\" sizes=\"(max-width: 300px) 100vw, 300px\" \/>[\/vc_column_text][\/vc_column][vc_column width=&#8221;1\/3&#8243;][vc_column_text]<img loading=\"lazy\" decoding=\"async\" class=\"size-medium wp-image-1417 aligncenter\" src=\"http:\/\/proplace.si\/wp-content\/uploads\/2016\/02\/cert_reach-300x125.png\" alt=\"cert_reach\" width=\"300\" height=\"125\" srcset=\"https:\/\/proplace.si\/wp-content\/uploads\/2016\/02\/cert_reach-300x125.png 300w, https:\/\/proplace.si\/wp-content\/uploads\/2016\/02\/cert_reach-260x108.png 260w, https:\/\/proplace.si\/wp-content\/uploads\/2016\/02\/cert_reach.png 360w\" sizes=\"(max-width: 300px) 100vw, 300px\" \/>[\/vc_column_text][\/vc_column][\/vc_row][vc_row][vc_column width=&#8221;1\/3&#8243;][vc_column_text]<img loading=\"lazy\" decoding=\"async\" class=\"size-medium wp-image-1418 aligncenter\" src=\"http:\/\/proplace.si\/wp-content\/uploads\/2016\/02\/cert_rohs-300x125.png\" alt=\"cert_rohs\" width=\"300\" height=\"125\" srcset=\"https:\/\/proplace.si\/wp-content\/uploads\/2016\/02\/cert_rohs-300x125.png 300w, https:\/\/proplace.si\/wp-content\/uploads\/2016\/02\/cert_rohs-260x108.png 260w, https:\/\/proplace.si\/wp-content\/uploads\/2016\/02\/cert_rohs.png 360w\" sizes=\"(max-width: 300px) 100vw, 300px\" \/>[\/vc_column_text][\/vc_column][vc_column width=&#8221;1\/3&#8243;][vc_column_text]<img loading=\"lazy\" decoding=\"async\" class=\"size-medium wp-image-1416 aligncenter\" src=\"http:\/\/proplace.si\/wp-content\/uploads\/2016\/02\/cert_iso14001-300x125.png\" alt=\"cert_iso14001\" width=\"300\" height=\"125\" srcset=\"https:\/\/proplace.si\/wp-content\/uploads\/2016\/02\/cert_iso14001-300x125.png 300w, https:\/\/proplace.si\/wp-content\/uploads\/2016\/02\/cert_iso14001-260x108.png 260w, https:\/\/proplace.si\/wp-content\/uploads\/2016\/02\/cert_iso14001.png 360w\" sizes=\"(max-width: 300px) 100vw, 300px\" \/>[\/vc_column_text][\/vc_column][vc_column width=&#8221;1\/3&#8243;][vc_column_text]<img loading=\"lazy\" decoding=\"async\" class=\"size-medium wp-image-1415 aligncenter\" src=\"http:\/\/proplace.si\/wp-content\/uploads\/2016\/02\/cert_iso9001-300x125.png\" alt=\"cert_iso9001\" width=\"300\" height=\"125\" srcset=\"https:\/\/proplace.si\/wp-content\/uploads\/2016\/02\/cert_iso9001-300x125.png 300w, https:\/\/proplace.si\/wp-content\/uploads\/2016\/02\/cert_iso9001-260x108.png 260w, https:\/\/proplace.si\/wp-content\/uploads\/2016\/02\/cert_iso9001.png 360w\" sizes=\"(max-width: 300px) 100vw, 300px\" \/>[\/vc_column_text][\/vc_column][\/vc_row]<\/p>\n","protected":false},"excerpt":{"rendered":"<p>[vc_row][vc_column width=&#8221;1\/2&#8243;][vc_column_text]Kontrola nanosa spajkalne paste (&#8220;solder paste inspection&#8221;). Ve\u010dina te\u017eav pri kakovosti\u00a0polaganja komponent v proizvodnji elektronike izvira iz nanosa spajkalne paste. V Proplace zagotavljamo celovito\u00a0kontrolo nanosa spajkalne paste s strojem SPI, ki preveri nanos paste na vsaki tiskanini.[\/vc_column_text][\/vc_column][vc_column width=&#8221;1\/2&#8243;][vc_column_text]Vizualna kontrola se izvaja z AOI stroji, ki lahko preverijo morebitne stike, zamik komponente in preostale nepravilnosti [&hellip;]<\/p>\n","protected":false},"author":1,"featured_media":0,"parent":0,"menu_order":0,"comment_status":"closed","ping_status":"closed","template":"","meta":{"footnotes":""},"class_list":["post-1210","page","type-page","status-publish","hentry"],"_links":{"self":[{"href":"https:\/\/proplace.si\/index.php\/wp-json\/wp\/v2\/pages\/1210"}],"collection":[{"href":"https:\/\/proplace.si\/index.php\/wp-json\/wp\/v2\/pages"}],"about":[{"href":"https:\/\/proplace.si\/index.php\/wp-json\/wp\/v2\/types\/page"}],"author":[{"embeddable":true,"href":"https:\/\/proplace.si\/index.php\/wp-json\/wp\/v2\/users\/1"}],"replies":[{"embeddable":true,"href":"https:\/\/proplace.si\/index.php\/wp-json\/wp\/v2\/comments?post=1210"}],"version-history":[{"count":23,"href":"https:\/\/proplace.si\/index.php\/wp-json\/wp\/v2\/pages\/1210\/revisions"}],"predecessor-version":[{"id":1918,"href":"https:\/\/proplace.si\/index.php\/wp-json\/wp\/v2\/pages\/1210\/revisions\/1918"}],"wp:attachment":[{"href":"https:\/\/proplace.si\/index.php\/wp-json\/wp\/v2\/media?parent=1210"}],"curies":[{"name":"wp","href":"https:\/\/api.w.org\/{rel}","templated":true}]}}