{"id":1180,"date":"2016-02-10T15:07:48","date_gmt":"2016-02-10T15:07:48","guid":{"rendered":"http:\/\/proplace.si\/?page_id=1180"},"modified":"2016-10-20T15:05:30","modified_gmt":"2016-10-20T15:05:30","slug":"kakovost","status":"publish","type":"page","link":"https:\/\/proplace.si\/index.php\/sl\/kakovost\/","title":{"rendered":"Kakovost"},"content":{"rendered":"<p>[vc_row][vc_column]<div class=\"headline  text-center\"><h3>Standardi kakovosti<\/h3><\/div>[\/vc_column][\/vc_row][vc_row][vc_column width=&#8221;1\/3&#8243;][vc_column_text]<\/p>\n<p style=\"text-align: center;\"><img loading=\"lazy\" decoding=\"async\" class=\"alignnone size-medium wp-image-1413\" src=\"http:\/\/proplace.si\/wp-content\/uploads\/2016\/02\/cert_esd-300x125.png\" alt=\"cert_esd\" width=\"300\" height=\"125\" srcset=\"https:\/\/proplace.si\/wp-content\/uploads\/2016\/02\/cert_esd-300x125.png 300w, https:\/\/proplace.si\/wp-content\/uploads\/2016\/02\/cert_esd-260x108.png 260w, https:\/\/proplace.si\/wp-content\/uploads\/2016\/02\/cert_esd.png 360w\" sizes=\"(max-width: 300px) 100vw, 300px\" \/><\/p>\n<p>[\/vc_column_text][\/vc_column][vc_column width=&#8221;1\/3&#8243;][vc_column_text]<\/p>\n<p style=\"text-align: center;\"><img loading=\"lazy\" decoding=\"async\" class=\"alignnone size-medium wp-image-1414\" src=\"http:\/\/proplace.si\/wp-content\/uploads\/2016\/02\/cert_ipc-300x125.png\" alt=\"cert_ipc\" width=\"300\" height=\"125\" srcset=\"https:\/\/proplace.si\/wp-content\/uploads\/2016\/02\/cert_ipc-300x125.png 300w, https:\/\/proplace.si\/wp-content\/uploads\/2016\/02\/cert_ipc-260x108.png 260w, https:\/\/proplace.si\/wp-content\/uploads\/2016\/02\/cert_ipc.png 360w\" sizes=\"(max-width: 300px) 100vw, 300px\" \/><\/p>\n<p>[\/vc_column_text][\/vc_column][vc_column width=&#8221;1\/3&#8243;][vc_column_text]<\/p>\n<p style=\"text-align: center;\"><img loading=\"lazy\" decoding=\"async\" class=\"alignnone size-medium wp-image-1417\" src=\"http:\/\/proplace.si\/wp-content\/uploads\/2016\/02\/cert_reach-300x125.png\" alt=\"cert_reach\" width=\"300\" height=\"125\" srcset=\"https:\/\/proplace.si\/wp-content\/uploads\/2016\/02\/cert_reach-300x125.png 300w, https:\/\/proplace.si\/wp-content\/uploads\/2016\/02\/cert_reach-260x108.png 260w, https:\/\/proplace.si\/wp-content\/uploads\/2016\/02\/cert_reach.png 360w\" sizes=\"(max-width: 300px) 100vw, 300px\" \/><\/p>\n<p>[\/vc_column_text][\/vc_column][\/vc_row][vc_row][vc_column width=&#8221;1\/3&#8243;][vc_column_text]<\/p>\n<p style=\"text-align: center;\"><img loading=\"lazy\" decoding=\"async\" class=\"alignnone size-medium wp-image-1418\" src=\"http:\/\/proplace.si\/wp-content\/uploads\/2016\/02\/cert_rohs-300x125.png\" alt=\"cert_rohs\" width=\"300\" height=\"125\" srcset=\"https:\/\/proplace.si\/wp-content\/uploads\/2016\/02\/cert_rohs-300x125.png 300w, https:\/\/proplace.si\/wp-content\/uploads\/2016\/02\/cert_rohs-260x108.png 260w, https:\/\/proplace.si\/wp-content\/uploads\/2016\/02\/cert_rohs.png 360w\" sizes=\"(max-width: 300px) 100vw, 300px\" \/><\/p>\n<p>[\/vc_column_text][\/vc_column][vc_column width=&#8221;1\/3&#8243;][vc_column_text]<\/p>\n<p style=\"text-align: center;\"><img loading=\"lazy\" decoding=\"async\" class=\"alignnone size-medium wp-image-1416\" src=\"http:\/\/proplace.si\/wp-content\/uploads\/2016\/02\/cert_iso14001-300x125.png\" alt=\"cert_iso14001\" width=\"300\" height=\"125\" srcset=\"https:\/\/proplace.si\/wp-content\/uploads\/2016\/02\/cert_iso14001-300x125.png 300w, https:\/\/proplace.si\/wp-content\/uploads\/2016\/02\/cert_iso14001-260x108.png 260w, https:\/\/proplace.si\/wp-content\/uploads\/2016\/02\/cert_iso14001.png 360w\" sizes=\"(max-width: 300px) 100vw, 300px\" \/><\/p>\n<p>[\/vc_column_text][\/vc_column][vc_column width=&#8221;1\/3&#8243;][vc_column_text]<\/p>\n<p style=\"text-align: center;\"><img loading=\"lazy\" decoding=\"async\" class=\"alignnone size-medium wp-image-1415\" src=\"http:\/\/proplace.si\/wp-content\/uploads\/2016\/02\/cert_iso9001-300x125.png\" alt=\"cert_iso9001\" width=\"300\" height=\"125\" srcset=\"https:\/\/proplace.si\/wp-content\/uploads\/2016\/02\/cert_iso9001-300x125.png 300w, https:\/\/proplace.si\/wp-content\/uploads\/2016\/02\/cert_iso9001-260x108.png 260w, https:\/\/proplace.si\/wp-content\/uploads\/2016\/02\/cert_iso9001.png 360w\" sizes=\"(max-width: 300px) 100vw, 300px\" \/><\/p>\n<p>[\/vc_column_text][\/vc_column][\/vc_row][vc_row][vc_column]<div class=\"headline  text-center\"><h3>Nadzor kakovosti<\/h3><\/div>[\/vc_column][\/vc_row][vc_row][vc_column][vc_empty_space height=&#8221;50px&#8221;][\/vc_column][\/vc_row][vc_row][vc_column width=&#8221;1\/2&#8243;]<div data-type=\"success\" class=\"alert success\"><i class=\"fa ifc-checkmark\"><\/i>SPI<\/div>[vc_column_text]Kontrola nanosa spajkalne paste (&#8220;solder paste inspection&#8221;). Ve\u010dina te\u017eav pri kakovosti\u00a0polaganja komponent v proizvodnji elektronike izvira iz nanosa spajkalne paste. V Proplace zagotavljamo celovito\u00a0kontrolo nanosa spajkalne paste z in-line strojem SPI, ki preveri nanos paste na vsaki tiskanini.[\/vc_column_text][\/vc_column][vc_column width=&#8221;1\/2&#8243;]<div data-type=\"success\" class=\"alert success\"><i class=\"fa ifc-checkmark\"><\/i>AOI<\/div>[vc_column_text]Vizualna kontrola se izvaja s stroji AOI (&#8220;automated optical inspection&#8221;), ki lahko preverijo morebitne stike, zamik komponente in preostale nepravilnosti pri polaganju . Ve\u010d o stroju AOI si lahko preberete v rubriki <u><a href=\"\/smd-polaganje\/\">SMD polaganje<\/a><\/u>\u00a0.[\/vc_column_text][\/vc_column][\/vc_row][vc_row][vc_column width=&#8221;1\/2&#8243;]<div data-type=\"success\" class=\"alert success\"><i class=\"fa ifc-checkmark\"><\/i>RTG<\/div>[vc_column_text]Pri polaganju zahtevnej\u0161ih komponent, kjer vizualna kontola ne zagotavlja \u017eelenega nadzora kakovosti, lahko prek pogodbenih partnerjev opravimo tudi rentgenski pregled tiskanin. Ta tehnologija je predvsem potrebna pri monta\u017ei \u010dipov BGA, kjer z RTG lahko vidimo pod \u010dip in preverimo ustreznost spajkanja.[\/vc_column_text][\/vc_column][vc_column width=&#8221;1\/2&#8243;]<div data-type=\"success\" class=\"alert success\"><i class=\"fa ifc-checkmark\"><\/i>FCT<\/div>[vc_column_text]K vi\u0161jemu dele\u017eu brezhibno odpremljenih izdelkov lahko izjemno pripomore funkcijsko testiranje izdelkov. Napravo za funkcijsko testiranje lahko izdela kupec, lahko pa jo izdela tudi Proplace na podlagi specifikacij naro\u010dnika.[\/vc_column_text][\/vc_column][\/vc_row][vc_row][vc_column][vc_single_image image=&#8221;1448&#8243; img_size=&#8221;full&#8221;][\/vc_column][\/vc_row][vc_row][vc_column][vc_empty_space height=&#8221;50px&#8221;][\/vc_column][\/vc_row]<\/p>\n","protected":false},"excerpt":{"rendered":"<p>[vc_row][vc_column][\/vc_column][\/vc_row][vc_row][vc_column width=&#8221;1\/3&#8243;][vc_column_text] [\/vc_column_text][\/vc_column][vc_column width=&#8221;1\/3&#8243;][vc_column_text] [\/vc_column_text][\/vc_column][vc_column width=&#8221;1\/3&#8243;][vc_column_text] [\/vc_column_text][\/vc_column][\/vc_row][vc_row][vc_column width=&#8221;1\/3&#8243;][vc_column_text] [\/vc_column_text][\/vc_column][vc_column width=&#8221;1\/3&#8243;][vc_column_text] [\/vc_column_text][\/vc_column][vc_column width=&#8221;1\/3&#8243;][vc_column_text] [\/vc_column_text][\/vc_column][\/vc_row][vc_row][vc_column][\/vc_column][\/vc_row][vc_row][vc_column][vc_empty_space height=&#8221;50px&#8221;][\/vc_column][\/vc_row][vc_row][vc_column width=&#8221;1\/2&#8243;][vc_column_text]Kontrola nanosa spajkalne paste (&#8220;solder paste inspection&#8221;). Ve\u010dina te\u017eav pri kakovosti\u00a0polaganja komponent v proizvodnji elektronike izvira iz nanosa spajkalne paste. V Proplace zagotavljamo celovito\u00a0kontrolo nanosa spajkalne paste z in-line strojem SPI, ki preveri nanos paste na vsaki tiskanini.[\/vc_column_text][\/vc_column][vc_column width=&#8221;1\/2&#8243;][vc_column_text]Vizualna kontrola se [&hellip;]<\/p>\n","protected":false},"author":1,"featured_media":0,"parent":0,"menu_order":0,"comment_status":"closed","ping_status":"closed","template":"","meta":{"footnotes":""},"class_list":["post-1180","page","type-page","status-publish","hentry"],"_links":{"self":[{"href":"https:\/\/proplace.si\/index.php\/wp-json\/wp\/v2\/pages\/1180"}],"collection":[{"href":"https:\/\/proplace.si\/index.php\/wp-json\/wp\/v2\/pages"}],"about":[{"href":"https:\/\/proplace.si\/index.php\/wp-json\/wp\/v2\/types\/page"}],"author":[{"embeddable":true,"href":"https:\/\/proplace.si\/index.php\/wp-json\/wp\/v2\/users\/1"}],"replies":[{"embeddable":true,"href":"https:\/\/proplace.si\/index.php\/wp-json\/wp\/v2\/comments?post=1180"}],"version-history":[{"count":10,"href":"https:\/\/proplace.si\/index.php\/wp-json\/wp\/v2\/pages\/1180\/revisions"}],"predecessor-version":[{"id":1910,"href":"https:\/\/proplace.si\/index.php\/wp-json\/wp\/v2\/pages\/1180\/revisions\/1910"}],"wp:attachment":[{"href":"https:\/\/proplace.si\/index.php\/wp-json\/wp\/v2\/media?parent=1180"}],"curies":[{"name":"wp","href":"https:\/\/api.w.org\/{rel}","templated":true}]}}