{"id":1171,"date":"2016-02-10T15:06:13","date_gmt":"2016-02-10T15:06:13","guid":{"rendered":"http:\/\/proplace.si\/?page_id=1171"},"modified":"2024-08-27T08:38:33","modified_gmt":"2024-08-27T08:38:33","slug":"testiranje","status":"publish","type":"page","link":"https:\/\/proplace.si\/index.php\/sl\/testiranje\/","title":{"rendered":"Testiranje in programiranje"},"content":{"rendered":"<p>[vc_row][vc_column width=&#8221;2\/3&#8243;][vc_single_image image=&#8221;1449&#8243; img_size=&#8221;large&#8221;][\/vc_column][vc_column width=&#8221;1\/3&#8243;][vc_column_text]Testno napravo lahko dostavi kupec ali jo razvije Proplace. Izdelki se lahko testirajo \u017ee v proizvodni fazi kot celoten panel ali kot kon\u010dni izdelki, ki so \u017ee zmontirani v ohi\u0161je.[\/vc_column_text][\/vc_column][\/vc_row]<\/p>\n\n\n<p>Z letom 2024 smo v okvir testiranja dodali nov stroj: ICT (kratica za In-circuit Test) Gre za testno napravo, ki omogo\u010da natan\u010dne elektri\u010dne meritve komponent na tiskanini. Meri klju\u010dne karakteristike, kot so napetost, dovajanje signala, upornost in podobno. S tem naprava zagotavlja pomemben vpogled v primerih, ko se na izdelku odkrijejo polo\u017eene komponente z napa\u010dnimi vrednostmi ali drugimi nepravilnostmi &#8211; zagotavlja. da so komponente pravilno polo\u017eene, operativne in varno zaspajkane. Da je test lahko uspe\u0161en, mora tiskanina imeti testne to\u010dke &#8211; ve\u010d kot jih je na tiskanini, bolj natan\u010den je postopek in rezultat testiranja.<\/p>\n\n\n\n<figure class=\"wp-block-image size-full\"><img loading=\"lazy\" decoding=\"async\" width=\"750\" height=\"750\" src=\"http:\/\/proplace.si\/wp-content\/uploads\/2024\/08\/BF1FACAF-B0FB-4D14-B55B-FC2262EED312-1-edited.jpeg\" alt=\"\" class=\"wp-image-2483\" srcset=\"https:\/\/proplace.si\/wp-content\/uploads\/2024\/08\/BF1FACAF-B0FB-4D14-B55B-FC2262EED312-1-edited.jpeg 750w, https:\/\/proplace.si\/wp-content\/uploads\/2024\/08\/BF1FACAF-B0FB-4D14-B55B-FC2262EED312-1-edited-300x300.jpeg 300w, https:\/\/proplace.si\/wp-content\/uploads\/2024\/08\/BF1FACAF-B0FB-4D14-B55B-FC2262EED312-1-edited-150x150.jpeg 150w, https:\/\/proplace.si\/wp-content\/uploads\/2024\/08\/BF1FACAF-B0FB-4D14-B55B-FC2262EED312-1-edited-260x260.jpeg 260w\" sizes=\"(max-width: 750px) 100vw, 750px\" \/><\/figure>\n","protected":false},"excerpt":{"rendered":"<p>[vc_row][vc_column width=&#8221;2\/3&#8243;][vc_single_image image=&#8221;1449&#8243; img_size=&#8221;large&#8221;][\/vc_column][vc_column width=&#8221;1\/3&#8243;][vc_column_text]Testno napravo lahko dostavi kupec ali jo razvije Proplace. Izdelki se lahko testirajo \u017ee v proizvodni fazi kot celoten panel ali kot kon\u010dni izdelki, ki so \u017ee zmontirani v ohi\u0161je.[\/vc_column_text][\/vc_column][\/vc_row] Z letom 2024 smo v okvir testiranja dodali nov stroj: ICT (kratica za In-circuit Test) Gre za testno napravo, ki omogo\u010da [&hellip;]<\/p>\n","protected":false},"author":1,"featured_media":0,"parent":0,"menu_order":0,"comment_status":"closed","ping_status":"closed","template":"","meta":{"footnotes":""},"class_list":["post-1171","page","type-page","status-publish","hentry"],"_links":{"self":[{"href":"https:\/\/proplace.si\/index.php\/wp-json\/wp\/v2\/pages\/1171"}],"collection":[{"href":"https:\/\/proplace.si\/index.php\/wp-json\/wp\/v2\/pages"}],"about":[{"href":"https:\/\/proplace.si\/index.php\/wp-json\/wp\/v2\/types\/page"}],"author":[{"embeddable":true,"href":"https:\/\/proplace.si\/index.php\/wp-json\/wp\/v2\/users\/1"}],"replies":[{"embeddable":true,"href":"https:\/\/proplace.si\/index.php\/wp-json\/wp\/v2\/comments?post=1171"}],"version-history":[{"count":15,"href":"https:\/\/proplace.si\/index.php\/wp-json\/wp\/v2\/pages\/1171\/revisions"}],"predecessor-version":[{"id":2484,"href":"https:\/\/proplace.si\/index.php\/wp-json\/wp\/v2\/pages\/1171\/revisions\/2484"}],"wp:attachment":[{"href":"https:\/\/proplace.si\/index.php\/wp-json\/wp\/v2\/media?parent=1171"}],"curies":[{"name":"wp","href":"https:\/\/api.w.org\/{rel}","templated":true}]}}