{"id":1169,"date":"2016-02-10T15:05:58","date_gmt":"2016-02-10T15:05:58","guid":{"rendered":"http:\/\/proplace.si\/?page_id=1169"},"modified":"2023-10-06T06:27:23","modified_gmt":"2023-10-06T06:27:23","slug":"tht-insertiranje","status":"publish","type":"page","link":"https:\/\/proplace.si\/index.php\/sl\/tht-insertiranje\/","title":{"rendered":"THT insertiranje"},"content":{"rendered":"<p>[vc_row][vc_column width=&#8221;1\/2&#8243;][vc_column_text]Kapacitete oddelka THT lahko dose\u017eejo:[\/vc_column_text]<div class=\"fixed  \" data-direction=\"right\"><div class=\"progress-bar-description \">150 000 kosov komponent na dan<span class=\"percent\" style=\"left:100%\">100%<\/span><\/div><div class=\"progress-bar \" style=\"background-color:#D7D7D7\"><span class=\"progress-bar-outer\" data-width=\"100\" style=\"background-color:#232323\"><span class=\"progress-bar-inner\"><\/span><\/span><\/div><!-- end .progress-bar --><\/div>[vc_column_text]Oddelek je tehnolo\u0161ko dobro opremljen s selektivno in valno pe\u010djo, kar omogo\u010da konkuren\u010dnost tudi pri izdelkih, ki vsebujejo komponente THT. Obe pe\u010di delujeta v du\u0161ikovi atmosferi. Ponujamo tudi spajkanje s svin\u010deno pasto, \u010demur smo namenili lo\u010deno valno pe\u010d.[\/vc_column_text][vc_single_image image=&#8221;1447&#8243; img_size=&#8221;large&#8221;][\/vc_column][vc_column width=&#8221;1\/2&#8243;][vc_single_image image=&#8221;1441&#8243; img_size=&#8221;large&#8221;][\/vc_column][\/vc_row]<\/p>\n","protected":false},"excerpt":{"rendered":"<p>[vc_row][vc_column width=&#8221;1\/2&#8243;][vc_column_text]Kapacitete oddelka THT lahko dose\u017eejo:[\/vc_column_text][vc_column_text]Oddelek je tehnolo\u0161ko dobro opremljen s selektivno in valno pe\u010djo, kar omogo\u010da konkuren\u010dnost tudi pri izdelkih, ki vsebujejo komponente THT. Obe pe\u010di delujeta v du\u0161ikovi atmosferi. Ponujamo tudi spajkanje s svin\u010deno pasto, \u010demur smo namenili lo\u010deno valno pe\u010d.[\/vc_column_text][vc_single_image image=&#8221;1447&#8243; img_size=&#8221;large&#8221;][\/vc_column][vc_column width=&#8221;1\/2&#8243;][vc_single_image image=&#8221;1441&#8243; img_size=&#8221;large&#8221;][\/vc_column][\/vc_row]<\/p>\n","protected":false},"author":1,"featured_media":0,"parent":0,"menu_order":0,"comment_status":"closed","ping_status":"closed","template":"","meta":{"footnotes":""},"class_list":["post-1169","page","type-page","status-publish","hentry"],"_links":{"self":[{"href":"https:\/\/proplace.si\/index.php\/wp-json\/wp\/v2\/pages\/1169"}],"collection":[{"href":"https:\/\/proplace.si\/index.php\/wp-json\/wp\/v2\/pages"}],"about":[{"href":"https:\/\/proplace.si\/index.php\/wp-json\/wp\/v2\/types\/page"}],"author":[{"embeddable":true,"href":"https:\/\/proplace.si\/index.php\/wp-json\/wp\/v2\/users\/1"}],"replies":[{"embeddable":true,"href":"https:\/\/proplace.si\/index.php\/wp-json\/wp\/v2\/comments?post=1169"}],"version-history":[{"count":13,"href":"https:\/\/proplace.si\/index.php\/wp-json\/wp\/v2\/pages\/1169\/revisions"}],"predecessor-version":[{"id":2343,"href":"https:\/\/proplace.si\/index.php\/wp-json\/wp\/v2\/pages\/1169\/revisions\/2343"}],"wp:attachment":[{"href":"https:\/\/proplace.si\/index.php\/wp-json\/wp\/v2\/media?parent=1169"}],"curies":[{"name":"wp","href":"https:\/\/api.w.org\/{rel}","templated":true}]}}