{"id":1167,"date":"2016-02-10T15:05:45","date_gmt":"2016-02-10T15:05:45","guid":{"rendered":"http:\/\/proplace.si\/?page_id=1167"},"modified":"2023-10-06T06:25:03","modified_gmt":"2023-10-06T06:25:03","slug":"opticna-kontrola","status":"publish","type":"page","link":"https:\/\/proplace.si\/index.php\/sl\/opticna-kontrola\/","title":{"rendered":"Opti\u010dna kontrola"},"content":{"rendered":"<p>[vc_row][vc_column width=&#8221;1\/3&#8243;]<div class=\"headline \"><h3>Opti\u010dna\/vizualna kontrola<\/h3><\/div>[vc_column_text]Opti\u010dna kontrola se izvaja s stroji AOI, ki lahko preverijo morebitne stike, zamik komponente in druge nepravilnosti pri polaganju.<\/p>\n<p><strong>Cyberoptics SQ3000<\/strong><\/p>\n<p>Prava tehnolo\u0161ka posebnost v na\u0161i proizvodnji je sodobni Cyberoptics SQ3000, ki z najnovej\u0161o tehnologijo omogo\u010da najhitrej\u0161o kontrolo 3D. Kontrolo lahko izvajamo z mikroskopsko natan\u010dnim, barvnim pogledom na tiskanino, kar nam omogo\u010da vi\u0161ji nadzor kakovosti in hitrej\u0161i delovni proces.[\/vc_column_text][\/vc_column][vc_column width=&#8221;2\/3&#8243;][vc_single_image image=&#8221;1450&#8243; img_size=&#8221;large&#8221;][\/vc_column][\/vc_row]<\/p>\n","protected":false},"excerpt":{"rendered":"<p>[vc_row][vc_column width=&#8221;1\/3&#8243;][vc_column_text]Opti\u010dna kontrola se izvaja s stroji AOI, ki lahko preverijo morebitne stike, zamik komponente in druge nepravilnosti pri polaganju. Cyberoptics SQ3000 Prava tehnolo\u0161ka posebnost v na\u0161i proizvodnji je sodobni Cyberoptics SQ3000, ki z najnovej\u0161o tehnologijo omogo\u010da najhitrej\u0161o kontrolo 3D. Kontrolo lahko izvajamo z mikroskopsko natan\u010dnim, barvnim pogledom na tiskanino, kar nam omogo\u010da vi\u0161ji nadzor [&hellip;]<\/p>\n","protected":false},"author":1,"featured_media":0,"parent":0,"menu_order":0,"comment_status":"closed","ping_status":"closed","template":"","meta":{"footnotes":""},"class_list":["post-1167","page","type-page","status-publish","hentry"],"_links":{"self":[{"href":"https:\/\/proplace.si\/index.php\/wp-json\/wp\/v2\/pages\/1167"}],"collection":[{"href":"https:\/\/proplace.si\/index.php\/wp-json\/wp\/v2\/pages"}],"about":[{"href":"https:\/\/proplace.si\/index.php\/wp-json\/wp\/v2\/types\/page"}],"author":[{"embeddable":true,"href":"https:\/\/proplace.si\/index.php\/wp-json\/wp\/v2\/users\/1"}],"replies":[{"embeddable":true,"href":"https:\/\/proplace.si\/index.php\/wp-json\/wp\/v2\/comments?post=1167"}],"version-history":[{"count":9,"href":"https:\/\/proplace.si\/index.php\/wp-json\/wp\/v2\/pages\/1167\/revisions"}],"predecessor-version":[{"id":2341,"href":"https:\/\/proplace.si\/index.php\/wp-json\/wp\/v2\/pages\/1167\/revisions\/2341"}],"wp:attachment":[{"href":"https:\/\/proplace.si\/index.php\/wp-json\/wp\/v2\/media?parent=1167"}],"curies":[{"name":"wp","href":"https:\/\/api.w.org\/{rel}","templated":true}]}}